{"id":7865,"date":"2022-12-07T23:12:06","date_gmt":"2022-12-07T22:12:06","guid":{"rendered":"https:\/\/elena-ramirez.com\/?page_id=7865"},"modified":"2025-01-28T13:30:19","modified_gmt":"2025-01-28T12:30:19","slug":"begrenzende-glaubenssaetze-workshop","status":"publish","type":"page","link":"https:\/\/elena-ramirez.com\/de\/begrenzende-glaubenssaetze-workshop\/","title":{"rendered":"Begrenzende Glaubenss\u00e4tze Workshop"},"content":{"rendered":"\t\t<div data-elementor-type=\"wp-page\" data-elementor-id=\"7865\" class=\"elementor elementor-7865 elementor-7815\" data-elementor-post-type=\"page\">\n\t\t\t\t\t\t\t\t\t<section class=\"elementor-section elementor-top-section elementor-element elementor-element-eaeabb2 elementor-section-full_width elementor-section-height-default elementor-section-height-default\" data-id=\"eaeabb2\" data-element_type=\"section\" data-settings=\"{&quot;_ha_eqh_enable&quot;:false}\">\n\t\t\t\t\t\t<div class=\"elementor-container elementor-column-gap-default\">\n\t\t\t\t\t<div class=\"elementor-column elementor-col-100 elementor-top-column elementor-element elementor-element-26a409c\" data-id=\"26a409c\" data-element_type=\"column\">\n\t\t\t<div class=\"elementor-widget-wrap elementor-element-populated\">\n\t\t\t\t\t\t\t\t<div class=\"elementor-element elementor-element-1ffa2d8 elementor--h-position-center elementor--v-position-middle elementor-arrows-position-inside elementor-pagination-position-inside elementor-widget elementor-widget-slides\" data-id=\"1ffa2d8\" data-element_type=\"widget\" data-settings=\"{&quot;navigation&quot;:&quot;both&quot;,&quot;autoplay&quot;:&quot;yes&quot;,&quot;pause_on_hover&quot;:&quot;yes&quot;,&quot;pause_on_interaction&quot;:&quot;yes&quot;,&quot;autoplay_speed&quot;:5000,&quot;infinite&quot;:&quot;yes&quot;,&quot;transition&quot;:&quot;slide&quot;,&quot;transition_speed&quot;:500}\" data-widget_type=\"slides.default\">\n\t\t\t\t<div class=\"elementor-widget-container\">\n\t\t\t<style>\/*! elementor-pro - v3.16.0 - 12-09-2023 *\/\n.elementor-slides .swiper-slide-bg{background-size:cover;background-position:50%;background-repeat:no-repeat;min-width:100%;min-height:100%}.elementor-slides .swiper-slide-inner{background-repeat:no-repeat;background-position:50%;position:absolute;top:0;left:0;bottom:0;right:0;padding:50px;margin:auto}.elementor-slides .swiper-slide-inner,.elementor-slides .swiper-slide-inner:hover{color:#fff;display:flex}.elementor-slides .swiper-slide-inner .elementor-background-overlay{position:absolute;z-index:0;top:0;bottom:0;left:0;right:0}.elementor-slides .swiper-slide-inner .elementor-slide-content{position:relative;z-index:1;width:100%}.elementor-slides .swiper-slide-inner .elementor-slide-heading{font-size:35px;font-weight:700;line-height:1}.elementor-slides .swiper-slide-inner .elementor-slide-description{font-size:17px;line-height:1.4}.elementor-slides .swiper-slide-inner .elementor-slide-description:not(:last-child),.elementor-slides .swiper-slide-inner .elementor-slide-heading:not(:last-child){margin-bottom:30px}.elementor-slides .swiper-slide-inner .elementor-slide-button{border:2px solid #fff;color:#fff;background:transparent;display:inline-block}.elementor-slides .swiper-slide-inner .elementor-slide-button,.elementor-slides .swiper-slide-inner .elementor-slide-button:hover{background:transparent;color:inherit;text-decoration:none}.elementor--v-position-top .swiper-slide-inner{align-items:flex-start}.elementor--v-position-bottom .swiper-slide-inner{align-items:flex-end}.elementor--v-position-middle .swiper-slide-inner{align-items:center}.elementor--h-position-left .swiper-slide-inner{justify-content:flex-start}.elementor--h-position-right .swiper-slide-inner{justify-content:flex-end}.elementor--h-position-center .swiper-slide-inner{justify-content:center}body.rtl .elementor-widget-slides .elementor-swiper-button-next{left:10px;right:auto}body.rtl .elementor-widget-slides .elementor-swiper-button-prev{right:10px;left:auto}.elementor-slides-wrapper div:not(.swiper-slide)>.swiper-slide-inner{display:none}@media (max-width:767px){.elementor-slides .swiper-slide-inner{padding:30px}.elementor-slides .swiper-slide-inner .elementor-slide-heading{font-size:23px;line-height:1;margin-bottom:15px}.elementor-slides .swiper-slide-inner .elementor-slide-description{font-size:13px;line-height:1.4;margin-bottom:15px}}<\/style>\t\t<div class=\"elementor-swiper\">\n\t\t\t<div class=\"elementor-slides-wrapper elementor-main-swiper swiper-container\" dir=\"ltr\" data-animation=\"fadeInUp\">\n\t\t\t\t<div class=\"swiper-wrapper elementor-slides\">\n\t\t\t\t\t\t\t\t\t\t<div class=\"elementor-repeater-item-4195bb8 swiper-slide\"><div class=\"swiper-slide-bg\" role=\"img\"><\/div><div class=\"swiper-slide-inner\" ><div class=\"swiper-slide-contents\"><div class=\"elementor-slide-heading\">Begrenzende Glaubenss\u00e4tze Online Workshop<\/div><div class=\"elementor-slide-description\">\u00dcberwinde deine einschr\u00e4nkenden Glaubenss\u00e4tze. Erreiche mehr im Leben.<\/div><div  class=\"elementor-button elementor-slide-button elementor-size-sm\">Jetzt anmelden<\/div><\/div><\/div><\/div>\t\t\t\t<\/div>\n\t\t\t\t\t\t\t<\/div>\n\t\t<\/div>\n\t\t\t\t<\/div>\n\t\t\t\t<\/div>\n\t\t\t\t\t<\/div>\n\t\t<\/div>\n\t\t\t\t\t\t\t<\/div>\n\t\t<\/section>\n\t\t\t\t<section class=\"elementor-section elementor-top-section elementor-element elementor-element-f45a687 elementor-section-boxed elementor-section-height-default elementor-section-height-default\" data-id=\"f45a687\" data-element_type=\"section\" data-settings=\"{&quot;_ha_eqh_enable&quot;:false}\">\n\t\t\t\t\t\t<div class=\"elementor-container elementor-column-gap-default\">\n\t\t\t\t\t<div class=\"elementor-column elementor-col-100 elementor-top-column elementor-element elementor-element-df9fb95\" data-id=\"df9fb95\" data-element_type=\"column\">\n\t\t\t<div class=\"elementor-widget-wrap elementor-element-populated\">\n\t\t\t\t\t\t\t\t<div class=\"elementor-element elementor-element-0601a54 elementor-widget elementor-widget-text-editor\" data-id=\"0601a54\" data-element_type=\"widget\" data-widget_type=\"text-editor.default\">\n\t\t\t\t<div class=\"elementor-widget-container\">\n\t\t\t<style>\/*! elementor - v3.16.0 - 12-09-2023 *\/\n.elementor-widget-text-editor.elementor-drop-cap-view-stacked .elementor-drop-cap{background-color:#69727d;color:#fff}.elementor-widget-text-editor.elementor-drop-cap-view-framed .elementor-drop-cap{color:#69727d;border:3px solid;background-color:transparent}.elementor-widget-text-editor:not(.elementor-drop-cap-view-default) .elementor-drop-cap{margin-top:8px}.elementor-widget-text-editor:not(.elementor-drop-cap-view-default) .elementor-drop-cap-letter{width:1em;height:1em}.elementor-widget-text-editor .elementor-drop-cap{float:left;text-align:center;line-height:1;font-size:50px}.elementor-widget-text-editor .elementor-drop-cap-letter{display:inline-block}<\/style>\t\t\t\t<p><span style=\"font-weight: 400;\">Ohne einschr\u00e4nkende Glaubenss\u00e4tze w\u00e4re alles im Leben viel einfacher gewesen. Sehr oft ist das einzige, was Sie einschr\u00e4nkt und am Erfolg hindert, Ihr Verstand. Negative Selbstgespr\u00e4che, innere Blockaden und einschr\u00e4nkende Glaubenss\u00e4tze halten dich fest oder verhindern, dass du dein volles Potenzial aussch\u00f6pfst, um die von dir gew\u00fcnschten Ergebnisse im Leben zu erzielen. Und das kann in jedem Bereich deines Lebens und in jeder Situation der Fall sein.\u00a0<\/span><\/p><p><span style=\"font-weight: 400;\">Es gibt einschr\u00e4nkende Glaubenss\u00e4tze \u00fcber Geld, Liebe und Beziehungen, Aussehen und K\u00f6rper, Stil, Verhalten und so weiter.\u00a0<\/span><\/p><p><span style=\"font-weight: 400;\">Begrenzende Glaubenss\u00e4tze zu haben ist nicht angenehm. Es ist nicht sch\u00f6n, etwas zu haben, das dich st\u00e4ndig zur\u00fcckh\u00e4lt. Du kannst es \u00e4ndern.\u00a0<\/span><\/p><p><span style=\"font-weight: 400;\">Um dir zu helfen, habe ich einen speziellen Online-Gruppen-Workshop \u00fcber begrenzende Glaubenss\u00e4tze vorbereitet.<\/span><\/p>\t\t\t\t\t\t<\/div>\n\t\t\t\t<\/div>\n\t\t\t\t\t<\/div>\n\t\t<\/div>\n\t\t\t\t\t\t\t<\/div>\n\t\t<\/section>\n\t\t\t\t<section class=\"elementor-section elementor-top-section elementor-element elementor-element-f2d148b elementor-section-boxed elementor-section-height-default elementor-section-height-default\" data-id=\"f2d148b\" data-element_type=\"section\" data-settings=\"{&quot;_ha_eqh_enable&quot;:false}\">\n\t\t\t\t\t\t<div class=\"elementor-container elementor-column-gap-default\">\n\t\t\t\t\t<div class=\"elementor-column elementor-col-50 elementor-top-column elementor-element elementor-element-6622dc3\" data-id=\"6622dc3\" data-element_type=\"column\">\n\t\t\t<div class=\"elementor-widget-wrap elementor-element-populated\">\n\t\t\t\t\t\t\t\t<div class=\"elementor-element elementor-element-b6ff6e2 elementor-widget elementor-widget-heading\" data-id=\"b6ff6e2\" data-element_type=\"widget\" data-widget_type=\"heading.default\">\n\t\t\t\t<div class=\"elementor-widget-container\">\n\t\t\t<style>\/*! elementor - v3.16.0 - 12-09-2023 *\/\n.elementor-heading-title{padding:0;margin:0;line-height:1}.elementor-widget-heading .elementor-heading-title[class*=elementor-size-]>a{color:inherit;font-size:inherit;line-height:inherit}.elementor-widget-heading .elementor-heading-title.elementor-size-small{font-size:15px}.elementor-widget-heading .elementor-heading-title.elementor-size-medium{font-size:19px}.elementor-widget-heading .elementor-heading-title.elementor-size-large{font-size:29px}.elementor-widget-heading .elementor-heading-title.elementor-size-xl{font-size:39px}.elementor-widget-heading .elementor-heading-title.elementor-size-xxl{font-size:59px}<\/style><h2 class=\"elementor-heading-title elementor-size-default\">Gro\u00dfartige Vorteile und Themen<\/h2>\t\t<\/div>\n\t\t\t\t<\/div>\n\t\t\t\t<div class=\"elementor-element elementor-element-89af69d elementor-widget elementor-widget-text-editor\" data-id=\"89af69d\" data-element_type=\"widget\" data-widget_type=\"text-editor.default\">\n\t\t\t\t<div class=\"elementor-widget-container\">\n\t\t\t\t\t\t\t<ul><li><span style=\"font-weight: 400;\">Verschiedene Arten von begrenzenden Glaubenss\u00e4tzen<\/span><\/li><li><span style=\"font-weight: 400;\">Verschiedene \u00dcbungen zur \u00dcberwindung einschr\u00e4nkender Glaubenss\u00e4tze<\/span><\/li><li><span style=\"font-weight: 400;\">Begrenzende \u00dcberzeugungen in einer Beziehung und Kommunikation mit Ihrem Partner<\/span><\/li><li><span style=\"font-weight: 400;\">Umgang mit alten und neuen emotionalen Blockaden<\/span><\/li><li><span style=\"font-weight: 400;\">Emotionale Selbstkontrolle und Meisterschaft\u00a0<\/span><\/li><li><span style=\"font-weight: 400;\">Begrenzende \u00dcberzeugungen in Bezug auf Geld und Gelddenken<\/span><\/li><li><span style=\"font-weight: 400;\">Transformation deiner einschr\u00e4nkenden Glaubenss\u00e4tze<\/span><\/li><li><span style=\"font-weight: 400;\">Meditationen, um Geld, Harmonie und Liebe in dein Leben zu bringen<\/span><\/li><li><span style=\"font-weight: 400;\">Lesen von metaphorischen Karten<\/span><\/li><li><span style=\"font-weight: 400;\">Austausch in der Gruppe<\/span><\/li><\/ul>\t\t\t\t\t\t<\/div>\n\t\t\t\t<\/div>\n\t\t\t\t\t<\/div>\n\t\t<\/div>\n\t\t\t\t<div class=\"elementor-column elementor-col-50 elementor-top-column elementor-element elementor-element-9343b66\" data-id=\"9343b66\" data-element_type=\"column\">\n\t\t\t<div class=\"elementor-widget-wrap elementor-element-populated\">\n\t\t\t\t\t\t\t\t<div class=\"elementor-element elementor-element-85c88ee elementor-widget elementor-widget-image\" data-id=\"85c88ee\" data-element_type=\"widget\" data-widget_type=\"image.default\">\n\t\t\t\t<div class=\"elementor-widget-container\">\n\t\t\t<style>\/*! elementor - v3.16.0 - 12-09-2023 *\/\n.elementor-widget-image{text-align:center}.elementor-widget-image a{display:inline-block}.elementor-widget-image a img[src$=\".svg\"]{width:48px}.elementor-widget-image img{vertical-align:middle;display:inline-block}<\/style>\t\t\t\t\t\t\t\t\t\t\t\t<img decoding=\"async\" loading=\"lazy\" width=\"560\" height=\"500\" src=\"https:\/\/elena-ramirez.com\/wp-content\/uploads\/meditation-limiting-beliefs-2.png\" class=\"attachment-large size-large wp-image-8974\" alt=\"\" \/>\t\t\t\t\t\t\t\t\t\t\t\t\t\t\t<\/div>\n\t\t\t\t<\/div>\n\t\t\t\t\t<\/div>\n\t\t<\/div>\n\t\t\t\t\t\t\t<\/div>\n\t\t<\/section>\n\t\t\t\t<section class=\"elementor-section elementor-top-section elementor-element elementor-element-1f0eb09 elementor-section-boxed elementor-section-height-default elementor-section-height-default\" data-id=\"1f0eb09\" data-element_type=\"section\" data-settings=\"{&quot;_ha_eqh_enable&quot;:false}\">\n\t\t\t\t\t\t<div class=\"elementor-container elementor-column-gap-default\">\n\t\t\t\t\t<div class=\"elementor-column elementor-col-100 elementor-top-column elementor-element elementor-element-afdf55d\" data-id=\"afdf55d\" data-element_type=\"column\">\n\t\t\t<div class=\"elementor-widget-wrap elementor-element-populated\">\n\t\t\t\t\t\t\t\t<div class=\"elementor-element elementor-element-6bcdab7 elementor-widget elementor-widget-text-editor\" data-id=\"6bcdab7\" data-element_type=\"widget\" data-widget_type=\"text-editor.default\">\n\t\t\t\t<div class=\"elementor-widget-container\">\n\t\t\t\t\t\t\t<p><span style=\"font-weight: 400;\">Ich w\u00fcrde mich freuen, dich bei meinem Workshop zu sehen. Er findet online statt, so dass du bequem von zu Hause oder von unterwegs aus teilnehmen kannst.\u00a0<\/span><\/p><p>Dauer des Workshops: ca. 2-3 Stunden. Preis: 25 Euro.<\/p><p><span style=\"font-weight: 400;\">Bist du bereit, mitzumachen? Du kannst mir eine E-Mail schicken, damit ich dich auf die Liste setze und dich dar\u00fcber informiere, wann der n\u00e4chste Online-Workshop stattfinden wird. Wenn du lieber individuell arbeiten m\u00f6chtest, schick mir bitte eine E-Mail und ich werde gerne mit dir pers\u00f6nlich arbeiten und dir helfen.\u00a0<\/span><\/p>\t\t\t\t\t\t<\/div>\n\t\t\t\t<\/div>\n\t\t\t\t\t<\/div>\n\t\t<\/div>\n\t\t\t\t\t\t\t<\/div>\n\t\t<\/section>\n\t\t\t\t<section class=\"elementor-section elementor-top-section elementor-element elementor-element-fcaad81 elementor-section-boxed elementor-section-height-default elementor-section-height-default\" data-id=\"fcaad81\" data-element_type=\"section\" data-settings=\"{&quot;_ha_eqh_enable&quot;:false}\">\n\t\t\t\t\t\t<div class=\"elementor-container elementor-column-gap-default\">\n\t\t\t\t\t<div class=\"elementor-column elementor-col-100 elementor-top-column elementor-element elementor-element-26b2e48\" data-id=\"26b2e48\" data-element_type=\"column\">\n\t\t\t<div class=\"elementor-widget-wrap elementor-element-populated\">\n\t\t\t\t\t\t\t\t<div class=\"elementor-element elementor-element-41dd2ac elementor-widget elementor-widget-heading\" data-id=\"41dd2ac\" data-element_type=\"widget\" data-widget_type=\"heading.default\">\n\t\t\t\t<div class=\"elementor-widget-container\">\n\t\t\t<h2 class=\"elementor-heading-title elementor-size-default\">Kontaktformular<\/h2>\t\t<\/div>\n\t\t\t\t<\/div>\n\t\t\t\t<div class=\"elementor-element elementor-element-b65f59d elementor-widget elementor-widget-ha-wpform happy-addon ha-wpform\" data-id=\"b65f59d\" data-element_type=\"widget\" data-widget_type=\"ha-wpform.default\">\n\t\t\t\t<div class=\"elementor-widget-container\">\n\t\t\t<div class=\"wpforms-container wpforms-container-full\" id=\"wpforms-5259\"><form id=\"wpforms-form-5259\" class=\"wpforms-validate wpforms-form\" data-formid=\"5259\" method=\"post\" enctype=\"multipart\/form-data\" action=\"\/de\/wp-json\/wp\/v2\/pages\/7865\" data-token=\"d6b4f2aeae27476d893143f1b8d9fdac\"><noscript class=\"wpforms-error-noscript\">Bitte aktiviere JavaScript in deinem Browser, um dieses Formular fertigzustellen.<\/noscript><div class=\"wpforms-field-container\"><div id=\"wpforms-5259-field_0-container\" class=\"wpforms-field wpforms-field-name\" data-field-id=\"0\"><label class=\"wpforms-field-label\" for=\"wpforms-5259-field_0\">Name <span class=\"wpforms-required-label\">*<\/span><\/label><input type=\"text\" id=\"wpforms-5259-field_0\" class=\"wpforms-field-large wpforms-field-required\" name=\"wpforms[fields][0]\" required><\/div><div id=\"wpforms-5259-field_1-container\" class=\"wpforms-field wpforms-field-email\" data-field-id=\"1\"><label class=\"wpforms-field-label\" for=\"wpforms-5259-field_1\">Email <span class=\"wpforms-required-label\">*<\/span><\/label><input type=\"email\" id=\"wpforms-5259-field_1\" class=\"wpforms-field-large wpforms-field-required\" data-rule-restricted-email=\"1\" name=\"wpforms[fields][1]\" spellcheck=\"false\" required><\/div><div id=\"wpforms-5259-field_2-container\" class=\"wpforms-field wpforms-field-textarea\" data-field-id=\"2\"><label class=\"wpforms-field-label\" for=\"wpforms-5259-field_2\">Comment or Message <span class=\"wpforms-required-label\">*<\/span><\/label><textarea id=\"wpforms-5259-field_2\" class=\"wpforms-field-large wpforms-field-required\" name=\"wpforms[fields][2]\" required><\/textarea><\/div><div id=\"wpforms-5259-field_4-container\" class=\"wpforms-field wpforms-field-select wpforms-field-select-style-classic\" data-field-id=\"4\"><label class=\"wpforms-field-label\" for=\"wpforms-5259-field_4\">How have you found me?<\/label><select id=\"wpforms-5259-field_4\" class=\"wpforms-field-large\" name=\"wpforms[fields][4]\"><option value=\"\" class=\"placeholder\" disabled  selected='selected'>- Select an option<\/option><option value=\"Instagram\" >Instagram<\/option><option value=\"Facebook\" >Facebook<\/option><option value=\"Google\" >Google<\/option><option value=\"Recommendation\" >Recommendation<\/option><\/select><\/div><div id=\"wpforms-5259-field_5-container\" class=\"wpforms-field wpforms-field-captcha\" data-field-id=\"5\"><label class=\"wpforms-field-label\" for=\"wpforms-5259-field_5\">Custom Captcha <span class=\"wpforms-required-label\">*<\/span><\/label>\t\t\t<div class=\"wpforms-captcha-math\">\n\t\t\t\t<span id=\"wpforms-5259-field_5-question\" class=\"wpforms-captcha-equation\">\n\t\t\t\t\t<span class=\"n1\">6<\/span>\n\t\t\t\t\t\t\t<span class=\"cal\">+<\/span>\n\t\t\t\t\t\t\t<span class=\"n2\">1<\/span>\t\t\t\t\t<span class=\"e\">=<\/span>\n\t\t\t\t<\/span>\n\t\t\t\t<input type=\"text\" id=\"wpforms-5259-field_5\" class=\"wpforms-field-medium wpforms-field-required a\" data-rule-wpf-captcha=\"math\" data-is-wrapped-field=\"1\" name=\"wpforms[fields][5][a]\" aria-describedby=\"wpforms-5259-field_5-question\" required>\t\t\t\t<input type=\"hidden\" name=\"wpforms[fields][5][cal]\" class=\"cal\">\n\t\t\t\t<input type=\"hidden\" name=\"wpforms[fields][5][n2]\" class=\"n2\">\n\t\t\t\t<input type=\"hidden\" name=\"wpforms[fields][5][n1]\" class=\"n1\">\n\t\t\t<\/div>\n\t\t\t<\/div><\/div><!-- .wpforms-field-container --><div class=\"wpforms-submit-container\" ><input type=\"hidden\" name=\"wpforms[id]\" value=\"5259\"><input type=\"hidden\" name=\"wpforms[author]\" value=\"3\"><button type=\"submit\" name=\"wpforms[submit]\" id=\"wpforms-submit-5259\" class=\"wpforms-submit envio\" data-alt-text=\"Sending...\" data-submit-text=\"Send Message\" aria-live=\"assertive\" value=\"wpforms-submit\">Send Message<\/button><\/div><\/form><\/div>  <!-- .wpforms-container -->\t\t<\/div>\n\t\t\t\t<\/div>\n\t\t\t\t\t<\/div>\n\t\t<\/div>\n\t\t\t\t\t\t\t<\/div>\n\t\t<\/section>\n\t\t\t\t\t\t\t<\/div>\n\t\t","protected":false},"excerpt":{"rendered":"<p>Begrenzende Glaubenss\u00e4tze Online Workshop\u00dcberwinde deine einschr\u00e4nkenden Glaubenss\u00e4tze. Erreiche mehr im Leben.Jetzt anmelden Ohne einschr\u00e4nkende Glaubenss\u00e4tze w\u00e4re alles im Leben viel einfacher gewesen. Sehr oft ist das einzige, was Sie einschr\u00e4nkt und am Erfolg hindert, Ihr Verstand. Negative Selbstgespr\u00e4che, innere Blockaden und einschr\u00e4nkende Glaubenss\u00e4tze halten dich fest oder verhindern, dass du dein volles Potenzial aussch\u00f6pfst, um &hellip;<\/p>\n<p class=\"read-more\"> <a class=\"\" href=\"https:\/\/elena-ramirez.com\/de\/begrenzende-glaubenssaetze-workshop\/\"> <span class=\"screen-reader-text\">Begrenzende Glaubenss\u00e4tze Workshop<\/span> Read More \u00bb<\/a><\/p>\n","protected":false},"author":3,"featured_media":0,"parent":0,"menu_order":0,"comment_status":"closed","ping_status":"closed","template":"","meta":{"_seopress_robots_primary_cat":"","site-sidebar-layout":"no-sidebar","site-content-layout":"page-builder","ast-global-header-display":"","ast-main-header-display":"","ast-hfb-above-header-display":"","ast-hfb-below-header-display":"","ast-hfb-mobile-header-display":"","site-post-title":"disabled","ast-breadcrumbs-content":"","ast-featured-img":"disabled","footer-sml-layout":"","theme-transparent-header-meta":"","adv-header-id-meta":"","stick-header-meta":"","header-above-stick-meta":"","header-main-stick-meta":"","header-below-stick-meta":"","footnotes":""},"_links":{"self":[{"href":"https:\/\/elena-ramirez.com\/de\/wp-json\/wp\/v2\/pages\/7865"}],"collection":[{"href":"https:\/\/elena-ramirez.com\/de\/wp-json\/wp\/v2\/pages"}],"about":[{"href":"https:\/\/elena-ramirez.com\/de\/wp-json\/wp\/v2\/types\/page"}],"author":[{"embeddable":true,"href":"https:\/\/elena-ramirez.com\/de\/wp-json\/wp\/v2\/users\/3"}],"replies":[{"embeddable":true,"href":"https:\/\/elena-ramirez.com\/de\/wp-json\/wp\/v2\/comments?post=7865"}],"version-history":[{"count":10,"href":"https:\/\/elena-ramirez.com\/de\/wp-json\/wp\/v2\/pages\/7865\/revisions"}],"predecessor-version":[{"id":9668,"href":"https:\/\/elena-ramirez.com\/de\/wp-json\/wp\/v2\/pages\/7865\/revisions\/9668"}],"wp:attachment":[{"href":"https:\/\/elena-ramirez.com\/de\/wp-json\/wp\/v2\/media?parent=7865"}],"curies":[{"name":"wp","href":"https:\/\/api.w.org\/{rel}","templated":true}]}}