{"id":8686,"date":"2024-09-12T15:05:34","date_gmt":"2024-09-12T13:05:34","guid":{"rendered":"https:\/\/elena-ramirez.com\/?page_id=8686"},"modified":"2025-01-19T19:44:01","modified_gmt":"2025-01-19T18:44:01","slug":"die-welt-beginnt-mit-dir","status":"publish","type":"page","link":"https:\/\/elena-ramirez.com\/de\/die-welt-beginnt-mit-dir\/","title":{"rendered":"Mein Buch &#8211; Die Welt beginnt mit dir"},"content":{"rendered":"\t\t<div data-elementor-type=\"wp-page\" data-elementor-id=\"8686\" class=\"elementor elementor-8686 elementor-8608\" data-elementor-post-type=\"page\">\n\t\t\t\t\t\t\t\t\t<section class=\"elementor-section elementor-top-section elementor-element elementor-element-d5dd36b elementor-section-boxed elementor-section-height-default elementor-section-height-default\" data-id=\"d5dd36b\" data-element_type=\"section\" data-settings=\"{&quot;_ha_eqh_enable&quot;:false}\">\n\t\t\t\t\t\t<div class=\"elementor-container elementor-column-gap-default\">\n\t\t\t\t\t<div class=\"elementor-column elementor-col-100 elementor-top-column elementor-element elementor-element-10fbdfd\" data-id=\"10fbdfd\" data-element_type=\"column\">\n\t\t\t<div class=\"elementor-widget-wrap elementor-element-populated\">\n\t\t\t\t\t\t\t\t<div class=\"elementor-element elementor-element-881780b elementor-widget elementor-widget-heading\" data-id=\"881780b\" data-element_type=\"widget\" data-widget_type=\"heading.default\">\n\t\t\t\t<div class=\"elementor-widget-container\">\n\t\t\t<style>\/*! elementor - v3.16.0 - 12-09-2023 *\/\n.elementor-heading-title{padding:0;margin:0;line-height:1}.elementor-widget-heading .elementor-heading-title[class*=elementor-size-]>a{color:inherit;font-size:inherit;line-height:inherit}.elementor-widget-heading .elementor-heading-title.elementor-size-small{font-size:15px}.elementor-widget-heading .elementor-heading-title.elementor-size-medium{font-size:19px}.elementor-widget-heading .elementor-heading-title.elementor-size-large{font-size:29px}.elementor-widget-heading .elementor-heading-title.elementor-size-xl{font-size:39px}.elementor-widget-heading .elementor-heading-title.elementor-size-xxl{font-size:59px}<\/style><h2 class=\"elementor-heading-title elementor-size-default\">Mein Buch<\/h2>\t\t<\/div>\n\t\t\t\t<\/div>\n\t\t\t\t\t<\/div>\n\t\t<\/div>\n\t\t\t\t\t\t\t<\/div>\n\t\t<\/section>\n\t\t\t\t<section class=\"elementor-section elementor-top-section elementor-element elementor-element-5eb082f elementor-section-boxed elementor-section-height-default elementor-section-height-default\" data-id=\"5eb082f\" data-element_type=\"section\" data-settings=\"{&quot;_ha_eqh_enable&quot;:false}\">\n\t\t\t\t\t\t<div class=\"elementor-container elementor-column-gap-default\">\n\t\t\t\t\t<div class=\"elementor-column elementor-col-100 elementor-top-column elementor-element elementor-element-6080efc\" data-id=\"6080efc\" data-element_type=\"column\">\n\t\t\t<div class=\"elementor-widget-wrap elementor-element-populated\">\n\t\t\t\t\t\t\t\t<div class=\"elementor-element elementor-element-79a31c7 elementor-widget elementor-widget-heading\" data-id=\"79a31c7\" data-element_type=\"widget\" data-widget_type=\"heading.default\">\n\t\t\t\t<div class=\"elementor-widget-container\">\n\t\t\t<h3 class=\"elementor-heading-title elementor-size-default\">\"El mundo empieza contigo\"  - \u201eDie Welt beginnt mit dir\u201c<\/h3>\t\t<\/div>\n\t\t\t\t<\/div>\n\t\t\t\t\t<\/div>\n\t\t<\/div>\n\t\t\t\t\t\t\t<\/div>\n\t\t<\/section>\n\t\t\t\t<section class=\"elementor-section elementor-top-section elementor-element elementor-element-283e3f3 elementor-section-boxed elementor-section-height-default elementor-section-height-default\" data-id=\"283e3f3\" data-element_type=\"section\" data-settings=\"{&quot;_ha_eqh_enable&quot;:false}\">\n\t\t\t\t\t\t<div class=\"elementor-container elementor-column-gap-default\">\n\t\t\t\t\t<div class=\"elementor-column elementor-col-50 elementor-top-column elementor-element elementor-element-2743494\" data-id=\"2743494\" data-element_type=\"column\">\n\t\t\t<div class=\"elementor-widget-wrap elementor-element-populated\">\n\t\t\t\t\t\t\t\t<div class=\"elementor-element elementor-element-6e49fc1 elementor-widget elementor-widget-text-editor\" data-id=\"6e49fc1\" data-element_type=\"widget\" data-widget_type=\"text-editor.default\">\n\t\t\t\t<div class=\"elementor-widget-container\">\n\t\t\t<style>\/*! elementor - v3.16.0 - 12-09-2023 *\/\n.elementor-widget-text-editor.elementor-drop-cap-view-stacked .elementor-drop-cap{background-color:#69727d;color:#fff}.elementor-widget-text-editor.elementor-drop-cap-view-framed .elementor-drop-cap{color:#69727d;border:3px solid;background-color:transparent}.elementor-widget-text-editor:not(.elementor-drop-cap-view-default) .elementor-drop-cap{margin-top:8px}.elementor-widget-text-editor:not(.elementor-drop-cap-view-default) .elementor-drop-cap-letter{width:1em;height:1em}.elementor-widget-text-editor .elementor-drop-cap{float:left;text-align:center;line-height:1;font-size:50px}.elementor-widget-text-editor .elementor-drop-cap-letter{display:inline-block}<\/style>\t\t\t\t<p><span style=\"font-weight: 400;\">Ich freue mich sehr, dir ein wenig \u00fcber mein Buch \u201eDie Welt beginnt mit dir\u201c erz\u00e4hlen zu k\u00f6nnen.\u00a0 Als ich in einem wundersch\u00f6nen Park in Mexiko-Stadt, dem Parque M\u00e9xico, spazieren ging, wurde ich inspiriert und ein Titel schoss mir durch den Kopf. Ich hatte schon viele Ideen f\u00fcr B\u00fccher, aber in diesem Moment wusste ich, dass ich dieses Buch am liebsten als erstes schreiben und ver\u00f6ffentlichen w\u00fcrde. Meine Leidenschaft f\u00fcr Pers\u00f6nlichkeitsentwicklung, Psychologie, Spiritualit\u00e4t und Coaching f\u00fchrt mich zu st\u00e4ndigem, lebenslangem Lernen. Als ich die Ergebnisse meiner Klienten sah und wie oft der Mangel an emotionaler Intelligenz und das Wissen, wie man mit Gedanken und Emotionen umgeht, sie in verschiedene Lebenssituationen brachte, in denen sie sich verloren, verwirrt, von negativen Emotionen und Sorgen \u00fcberw\u00e4ltigt f\u00fchlten, keine L\u00f6sung sahen und sich auf die Emotionen konzentrierten, die sie ins Leere laufen lie\u00dfen, beschloss ich, mein Wissen in diesen B\u00fcchern weiterzugeben, um mehr Menschen zu erreichen und ihnen die notwendigen Werkzeuge an die Hand zu geben.\u00a0<\/span><\/p><p><span style=\"font-weight: 400;\">Sehr oft gehen Menschen zum Arzt, wenn sie bereits krank sind, anstatt Vorsichtsma\u00dfnahmen zu ergreifen, um nicht krank zu werden. Das ist auch hier der Fall. Wenn Sie die Tools lernen, werden Sie die Situationen im Leben viel besser meistern, und selbst wenn es immer noch eine Herausforderung sein wird, werden Sie wissen, wie Sie ihr eine Wendung geben und eine bessere Entscheidung treffen k\u00f6nnen. Und wenn du etwas in deinem Leben hast, das du gerne \u00e4ndern, verschieben und transformieren m\u00f6chtest, kannst du lernen, wie du es tun kannst.\u00a0<\/span><\/p><p><span style=\"font-weight: 400;\">Was mir selbst aufgefallen ist, ist, dass wir alle Erinnerungen brauchen. Egal, wie geschickt man in vielen Dingen ist, wir sind alle Menschen und wir sind emotionale Wesen.\u00a0<\/span><span style=\"font-weight: 400;\">Dieses Buch ist also nicht nur zum einmaligen Lesen gedacht. Du kannst es jederzeit in gedruckter oder digitaler Form zur Hand haben, um es bei Bedarf oder einfach nur zur Motivation, Inspiration und Erm\u00e4chtigung zu nutzen. Wann immer du merkst, dass du dich in deinen emotionalen Zust\u00e4nden verlierst, kannst du mit den Coaching-Tools deine Perspektive \u00e4ndern und deine Gedanken reaktivieren. <\/span><span style=\"font-weight: 400;\">Nat\u00fcrlich geschehen Ver\u00e4nderungen nicht \u00fcber Nacht oder an einem Tag, es ist st\u00e4ndige Arbeit, aber je mehr man lernt und anwendet, desto einfacher wird es, und irgendwann wird es einfach zur Gewohnheit werden. Ich spreche auch \u00fcber moderne Spiritualit\u00e4t, gl\u00fcckliche und gesunde Beziehungen, K\u00f6rperbewusstsein, Emotionen und Krankheiten, das Gleichgewicht zwischen Verstand und Gef\u00fchlen und mehr.\u00a0<\/span><\/p>\t\t\t\t\t\t<\/div>\n\t\t\t\t<\/div>\n\t\t\t\t\t<\/div>\n\t\t<\/div>\n\t\t\t\t<div class=\"elementor-column elementor-col-50 elementor-top-column elementor-element elementor-element-4cf15d0\" data-id=\"4cf15d0\" data-element_type=\"column\">\n\t\t\t<div class=\"elementor-widget-wrap elementor-element-populated\">\n\t\t\t\t\t\t\t\t<div class=\"elementor-element elementor-element-5d787bf elementor-widget elementor-widget-image\" data-id=\"5d787bf\" data-element_type=\"widget\" data-widget_type=\"image.default\">\n\t\t\t\t<div class=\"elementor-widget-container\">\n\t\t\t<style>\/*! elementor - v3.16.0 - 12-09-2023 *\/\n.elementor-widget-image{text-align:center}.elementor-widget-image a{display:inline-block}.elementor-widget-image a img[src$=\".svg\"]{width:48px}.elementor-widget-image img{vertical-align:middle;display:inline-block}<\/style>\t\t\t\t\t\t\t\t\t\t\t\t<img decoding=\"async\" loading=\"lazy\" width=\"800\" height=\"1131\" src=\"https:\/\/elena-ramirez.com\/wp-content\/uploads\/about-my-book.jpg\" class=\"attachment-large size-large wp-image-8613\" alt=\"\" srcset=\"https:\/\/elena-ramirez.com\/wp-content\/uploads\/about-my-book.jpg 800w, https:\/\/elena-ramirez.com\/wp-content\/uploads\/about-my-book-768x1086.jpg 768w\" sizes=\"(max-width: 800px) 100vw, 800px\" \/>\t\t\t\t\t\t\t\t\t\t\t\t\t\t\t<\/div>\n\t\t\t\t<\/div>\n\t\t\t\t\t<\/div>\n\t\t<\/div>\n\t\t\t\t\t\t\t<\/div>\n\t\t<\/section>\n\t\t\t\t<section class=\"elementor-section elementor-top-section elementor-element elementor-element-98c2084 elementor-section-boxed elementor-section-height-default elementor-section-height-default\" data-id=\"98c2084\" data-element_type=\"section\" data-settings=\"{&quot;_ha_eqh_enable&quot;:false}\">\n\t\t\t\t\t\t<div class=\"elementor-container elementor-column-gap-default\">\n\t\t\t\t\t<div class=\"elementor-column elementor-col-100 elementor-top-column elementor-element elementor-element-15d0918\" data-id=\"15d0918\" data-element_type=\"column\">\n\t\t\t<div class=\"elementor-widget-wrap elementor-element-populated\">\n\t\t\t\t\t\t\t\t<div class=\"elementor-element elementor-element-74b0e80 elementor-widget elementor-widget-heading\" data-id=\"74b0e80\" data-element_type=\"widget\" data-widget_type=\"heading.default\">\n\t\t\t\t<div class=\"elementor-widget-container\">\n\t\t\t<h3 class=\"elementor-heading-title elementor-size-default\">Wo du mein Buch findest<\/h3>\t\t<\/div>\n\t\t\t\t<\/div>\n\t\t\t\t\t<\/div>\n\t\t<\/div>\n\t\t\t\t\t\t\t<\/div>\n\t\t<\/section>\n\t\t\t\t<section class=\"elementor-section elementor-top-section elementor-element elementor-element-a00423e elementor-section-boxed elementor-section-height-default elementor-section-height-default\" data-id=\"a00423e\" data-element_type=\"section\" data-settings=\"{&quot;_ha_eqh_enable&quot;:false}\">\n\t\t\t\t\t\t<div class=\"elementor-container elementor-column-gap-default\">\n\t\t\t\t\t<div class=\"elementor-column elementor-col-100 elementor-top-column elementor-element elementor-element-1000ce4\" data-id=\"1000ce4\" data-element_type=\"column\">\n\t\t\t<div class=\"elementor-widget-wrap elementor-element-populated\">\n\t\t\t\t\t\t\t\t<div class=\"elementor-element elementor-element-1a4afd3 elementor-widget elementor-widget-text-editor\" data-id=\"1a4afd3\" data-element_type=\"widget\" data-widget_type=\"text-editor.default\">\n\t\t\t\t<div class=\"elementor-widget-container\">\n\t\t\t\t\t\t\t<p><span style=\"font-weight: 400;\">Sie k\u00f6nnen das Buch auf verschiedenen Plattformen in verschiedenen L\u00e4ndern und auch bei Amazon finden. Ich liste einige davon unten auf:<\/span><\/p>\t\t\t\t\t\t<\/div>\n\t\t\t\t<\/div>\n\t\t\t\t\t<\/div>\n\t\t<\/div>\n\t\t\t\t\t\t\t<\/div>\n\t\t<\/section>\n\t\t\t\t<section class=\"elementor-section elementor-top-section elementor-element elementor-element-b39ce59 elementor-section-boxed elementor-section-height-default elementor-section-height-default\" data-id=\"b39ce59\" data-element_type=\"section\" data-settings=\"{&quot;_ha_eqh_enable&quot;:false}\">\n\t\t\t\t\t\t<div class=\"elementor-container elementor-column-gap-default\">\n\t\t\t\t\t<div class=\"elementor-column elementor-col-33 elementor-top-column elementor-element elementor-element-27ea4a0\" data-id=\"27ea4a0\" data-element_type=\"column\">\n\t\t\t<div class=\"elementor-widget-wrap elementor-element-populated\">\n\t\t\t\t\t\t\t\t<div class=\"elementor-element elementor-element-7f542fa elementor-widget elementor-widget-heading\" data-id=\"7f542fa\" data-element_type=\"widget\" data-widget_type=\"heading.default\">\n\t\t\t\t<div class=\"elementor-widget-container\">\n\t\t\t<h4 class=\"elementor-heading-title elementor-size-default\">Auf Spanisch (Original)<\/h4>\t\t<\/div>\n\t\t\t\t<\/div>\n\t\t\t\t<div class=\"elementor-element elementor-element-df76cc5 elementor-widget elementor-widget-text-editor\" data-id=\"df76cc5\" data-element_type=\"widget\" data-widget_type=\"text-editor.default\">\n\t\t\t\t<div class=\"elementor-widget-container\">\n\t\t\t\t\t\t\t<p><a href=\"https:\/\/www.gandhi.com.mx\/el-mundo-empieza-contigo-9788410689411\/p?srsltid=AfmBOorP74Kuc14jz26KxI6eaTklcsB-tOOeV0I3zL6Nu4cx5Ofkd1Kv\" target=\"_blank\" rel=\"noopener\">Gandhi M\u00e9xico<\/a><\/p><p><a href=\"https:\/\/www.amazon.com.mx\/dp\/8410688557?ref=cm_sw_r_apan_dp_G6AD680BHXQDQR0WGAEH&amp;ref_=cm_sw_r_apan_dp_G6AD680BHXQDQR0WGAEH&amp;social_share=cm_sw_r_apan_dp_G6AD680BHXQDQR0WGAEH&amp;language=es-MX&amp;starsLeft=1&amp;dplnkId=6351f8c5-cfad-4048-82f7-4d34931cabe3&amp;ref=d6k_applink_bb_dls\" target=\"_blank\" rel=\"noopener\">Amazon M\u00e9xico<\/a><\/p><p><a href=\"https:\/\/www.gonvill.com.mx\/libro\/el-mundo-empieza-contigo_4396053430\" target=\"_blank\" rel=\"noopener\">Gonvill Librer\u00edas (M\u00e9xico)<\/a><\/p><p><a href=\"https:\/\/www.agapea.com\/Elena-Ramirez-Hernandez\/El-mundo-empieza-contigo-9788410688551-i.htm?srsltid=AfmBOorW0_xoTsPyrMg1ct0-vQTcae77o43CwdC4dQIHrrSrt-AaNkqU\" target=\"_blank\" rel=\"noopener\">Agapea Spain<\/a><\/p><p><a href=\"https:\/\/www.amazon.es\/El-mundo-empieza-contigo-Autoayuda\/dp\/8410688557?_encoding=UTF8&amp;dib_tag=se&amp;dib=eyJ2IjoiMSJ9.g8PagkunJYBytQkugNZtgw.u1PJRnvkuJcjbwQ0xSlXkPWQBmcxTl8orHmThvpUkqY&amp;qid=1724413373&amp;sr=1-1&amp;linkCode=sl1&amp;tag=letrame-21&amp;linkId=9fff6e00f91f18ea8daca8fb87b47cd3&amp;language=es_ES&amp;ref_=as_li_ss_tl\" target=\"_blank\" rel=\"noopener\">Amazon Spain<\/a><\/p><p><a href=\"https:\/\/www.amazon.de\/mundo-empieza-contigo-Autoayuda-Band\/dp\/8410688557\/ref=sr_1_1?__mk_de_DE=%C3%85M%C3%85%C5%BD%C3%95%C3%91&amp;crid=3LC01C2O2CE73&amp;dib=eyJ2IjoiMSJ9.YG0K2fzAN1PBKSHErZz7hDO9cQJg1_KAKe4fj27xFW-1bkUcz1tpw_KaTGzxJSlk4ZE90yK0f_40d3rdho3ckdIuIuvt17n7ioEpe8x6Qa38rN0Mf6c_1rukr6Gswb1VJ-ZLEoaldkCEgJkQkVebO_EHTocpu0wuqTJX67ASIBdXzNOVSvoisSHxd4IUUqioyUNknZv0mBCwcQf_SJlGFz-vjxWe8XJcbhENZNIDYrQ.zloBY1lK8PyuCJToJSnZVy8uA7dAp_OX6jcDqHS6690&amp;dib_tag=se&amp;keywords=el+mundo+empieza+contigo&amp;qid=1725795851&amp;sprefix=el+mundo+empieza+contigo%2Caps%2C159&amp;sr=8-1\" target=\"_blank\" rel=\"noopener\">Amazon Germany<\/a><\/p><p><a href=\"https:\/\/www.amazon.com\/El-mundo-empieza-contigo-Spanish-ebook\/dp\/B0DCP8ZSHX\/ref=sr_1_1?crid=36X5Y992IFSUS&amp;dib=eyJ2IjoiMSJ9.YG0K2fzAN1PBKSHErZz7hNsYAcB533lIoFk1iI0x8toOn8XAxE3nh1b7qQ_BRa8tpQ2aAqOgX37e9VWB-HHWEl4IYJ8RB_n1zYQbREwfCzpja3gvMoYIM2aYu3kuEe1iCb8-ZwV6267PNlYM7myZzeTN1DtmT201vkoUU0T754u0WiQk9_jWyhQggSARYcykXz93ciZZkotZa5Mtu3kjjg.czkGZ2i4uuoXO3owEWJBjPqYLNcLnGUPoyR5HylP0c4&amp;dib_tag=se&amp;keywords=el+mundo+empieza+contigo&amp;qid=1725794929&amp;sprefix=el+mundo+empieza+contigo%2Caps%2C301&amp;sr=8-1\" target=\"_blank\" rel=\"noopener\">Amazon US<\/a><\/p><p>Auch auf Amazon in anderen L\u00e4nder und\u00a0 LATAM verf\u00fcgbar<\/p>\t\t\t\t\t\t<\/div>\n\t\t\t\t<\/div>\n\t\t\t\t\t<\/div>\n\t\t<\/div>\n\t\t\t\t<div class=\"elementor-column elementor-col-33 elementor-top-column elementor-element elementor-element-88877d4\" data-id=\"88877d4\" data-element_type=\"column\">\n\t\t\t<div class=\"elementor-widget-wrap elementor-element-populated\">\n\t\t\t\t\t\t\t\t<div class=\"elementor-element elementor-element-a35a51c elementor-widget elementor-widget-heading\" data-id=\"a35a51c\" data-element_type=\"widget\" data-widget_type=\"heading.default\">\n\t\t\t\t<div class=\"elementor-widget-container\">\n\t\t\t<h4 class=\"elementor-heading-title elementor-size-default\">Auf Englisch<\/h4>\t\t<\/div>\n\t\t\t\t<\/div>\n\t\t\t\t<div class=\"elementor-element elementor-element-d966fc4 elementor-widget elementor-widget-text-editor\" data-id=\"d966fc4\" data-element_type=\"widget\" data-widget_type=\"text-editor.default\">\n\t\t\t\t<div class=\"elementor-widget-container\">\n\t\t\t\t\t\t\t<p><a href=\"https:\/\/www.amazon.de\/dp\/B0DQ8KBGFW\" target=\"_blank\" rel=\"noopener\">Amazon Germany<\/a><\/p><p><a href=\"https:\/\/www.amazon.com\/dp\/B0DQ8KBGFW\" target=\"_blank\" rel=\"noopener\">Amazon US<\/a><\/p><p><a href=\"https:\/\/www.amazon.ca\/dp\/B0DQ8KBGFW\" target=\"_blank\" rel=\"noopener\">Amazon Canada<\/a><\/p><p><strong>Verf\u00fcgbar auf<\/strong>\u00a0Amazon<\/p><p>US, UK, DE, FR, ES,\u00a0 IT,\u00a0 NL, PL,\u00a0 SE,\u00a0 JP,\u00a0 CA,\u00a0 AU<\/p>\t\t\t\t\t\t<\/div>\n\t\t\t\t<\/div>\n\t\t\t\t\t<\/div>\n\t\t<\/div>\n\t\t\t\t<div class=\"elementor-column elementor-col-33 elementor-top-column elementor-element elementor-element-77b9f22\" data-id=\"77b9f22\" data-element_type=\"column\">\n\t\t\t<div class=\"elementor-widget-wrap elementor-element-populated\">\n\t\t\t\t\t\t\t\t<div class=\"elementor-element elementor-element-08c6227 elementor-widget elementor-widget-heading\" data-id=\"08c6227\" data-element_type=\"widget\" data-widget_type=\"heading.default\">\n\t\t\t\t<div class=\"elementor-widget-container\">\n\t\t\t<h4 class=\"elementor-heading-title elementor-size-default\">Auf Deutsch<\/h4>\t\t<\/div>\n\t\t\t\t<\/div>\n\t\t\t\t<div class=\"elementor-element elementor-element-a47d6e1 elementor-widget elementor-widget-text-editor\" data-id=\"a47d6e1\" data-element_type=\"widget\" data-widget_type=\"text-editor.default\">\n\t\t\t\t<div class=\"elementor-widget-container\">\n\t\t\t\t\t\t\t<p><a href=\"https:\/\/www.amazon.de\/dp\/B0DR5TC1PT\" target=\"_blank\" rel=\"noopener\">Amazon Germany<\/a><\/p><p><a href=\"https:\/\/www.amazon.com\/dp\/B0DR5TC1PT\" target=\"_blank\" rel=\"noopener\">Amazon US<\/a><\/p><p>Also on Amazon<\/p><p>US, UK, DE, FR, ES, IT, NL, JP, BR, CA, MX, AU, IN<\/p>\t\t\t\t\t\t<\/div>\n\t\t\t\t<\/div>\n\t\t\t\t<div class=\"elementor-element elementor-element-93de580 elementor-widget elementor-widget-heading\" data-id=\"93de580\" data-element_type=\"widget\" data-widget_type=\"heading.default\">\n\t\t\t\t<div class=\"elementor-widget-container\">\n\t\t\t<h4 class=\"elementor-heading-title elementor-size-default\">Auf Russisch<\/h4>\t\t<\/div>\n\t\t\t\t<\/div>\n\t\t\t\t<div class=\"elementor-element elementor-element-e744d3a elementor-widget elementor-widget-text-editor\" data-id=\"e744d3a\" data-element_type=\"widget\" data-widget_type=\"text-editor.default\">\n\t\t\t\t<div class=\"elementor-widget-container\">\n\t\t\t\t\t\t\t<p>Momentan nur als Ebook verf\u00fcgbar. Bitte nutze das Kontaktformular um das Buch zu bestellen. Danke!<\/p>\t\t\t\t\t\t<\/div>\n\t\t\t\t<\/div>\n\t\t\t\t\t<\/div>\n\t\t<\/div>\n\t\t\t\t\t\t\t<\/div>\n\t\t<\/section>\n\t\t\t\t\t\t\t<\/div>\n\t\t","protected":false},"excerpt":{"rendered":"<p>Mein Buch &#8220;El mundo empieza contigo&#8221; &#8211; \u201eDie Welt beginnt mit dir\u201c Ich freue mich sehr, dir ein wenig \u00fcber mein Buch \u201eDie Welt beginnt mit dir\u201c erz\u00e4hlen zu k\u00f6nnen.\u00a0 Als ich in einem wundersch\u00f6nen Park in Mexiko-Stadt, dem Parque M\u00e9xico, spazieren ging, wurde ich inspiriert und ein Titel schoss mir durch den Kopf. Ich &hellip;<\/p>\n<p class=\"read-more\"> <a class=\"\" href=\"https:\/\/elena-ramirez.com\/de\/die-welt-beginnt-mit-dir\/\"> <span class=\"screen-reader-text\">Mein Buch &#8211; Die Welt beginnt mit dir<\/span> Read More \u00bb<\/a><\/p>\n","protected":false},"author":3,"featured_media":0,"parent":0,"menu_order":0,"comment_status":"closed","ping_status":"closed","template":"","meta":{"_seopress_robots_primary_cat":"","site-sidebar-layout":"no-sidebar","site-content-layout":"page-builder","ast-global-header-display":"","ast-main-header-display":"","ast-hfb-above-header-display":"","ast-hfb-below-header-display":"","ast-hfb-mobile-header-display":"","site-post-title":"disabled","ast-breadcrumbs-content":"","ast-featured-img":"disabled","footer-sml-layout":"","theme-transparent-header-meta":"","adv-header-id-meta":"","stick-header-meta":"","header-above-stick-meta":"","header-main-stick-meta":"","header-below-stick-meta":"","footnotes":""},"_links":{"self":[{"href":"https:\/\/elena-ramirez.com\/de\/wp-json\/wp\/v2\/pages\/8686"}],"collection":[{"href":"https:\/\/elena-ramirez.com\/de\/wp-json\/wp\/v2\/pages"}],"about":[{"href":"https:\/\/elena-ramirez.com\/de\/wp-json\/wp\/v2\/types\/page"}],"author":[{"embeddable":true,"href":"https:\/\/elena-ramirez.com\/de\/wp-json\/wp\/v2\/users\/3"}],"replies":[{"embeddable":true,"href":"https:\/\/elena-ramirez.com\/de\/wp-json\/wp\/v2\/comments?post=8686"}],"version-history":[{"count":10,"href":"https:\/\/elena-ramirez.com\/de\/wp-json\/wp\/v2\/pages\/8686\/revisions"}],"predecessor-version":[{"id":9476,"href":"https:\/\/elena-ramirez.com\/de\/wp-json\/wp\/v2\/pages\/8686\/revisions\/9476"}],"wp:attachment":[{"href":"https:\/\/elena-ramirez.com\/de\/wp-json\/wp\/v2\/media?parent=8686"}],"curies":[{"name":"wp","href":"https:\/\/api.w.org\/{rel}","templated":true}]}}