{"id":10020,"date":"2026-05-05T20:01:33","date_gmt":"2026-05-05T18:01:33","guid":{"rendered":"https:\/\/elena-ramirez.com\/el-camino-de-ser\/"},"modified":"2026-05-05T20:01:33","modified_gmt":"2026-05-05T18:01:33","slug":"el-camino-de-ser","status":"publish","type":"page","link":"https:\/\/elena-ramirez.com\/es\/el-camino-de-ser\/","title":{"rendered":"El camino de ser"},"content":{"rendered":"\t\t<div data-elementor-type=\"wp-page\" data-elementor-id=\"10020\" class=\"elementor elementor-10020 elementor-10009\" data-elementor-post-type=\"page\">\n\t\t\t\t\t\t\t\t\t<section class=\"elementor-section elementor-top-section elementor-element elementor-element-11f91a8 elementor-section-boxed elementor-section-height-default elementor-section-height-default\" data-id=\"11f91a8\" data-element_type=\"section\" data-settings=\"{&quot;_ha_eqh_enable&quot;:false}\">\n\t\t\t\t\t\t<div class=\"elementor-container elementor-column-gap-default\">\n\t\t\t\t\t<div class=\"elementor-column elementor-col-100 elementor-top-column elementor-element elementor-element-1f4d1f0\" data-id=\"1f4d1f0\" data-element_type=\"column\">\n\t\t\t<div class=\"elementor-widget-wrap elementor-element-populated\">\n\t\t\t\t\t\t\t\t<div class=\"elementor-element elementor-element-a90249e elementor-widget elementor-widget-heading\" data-id=\"a90249e\" data-element_type=\"widget\" data-widget_type=\"heading.default\">\n\t\t\t\t<div class=\"elementor-widget-container\">\n\t\t\t<style>\/*! elementor - v3.16.0 - 12-09-2023 *\/\n.elementor-heading-title{padding:0;margin:0;line-height:1}.elementor-widget-heading .elementor-heading-title[class*=elementor-size-]>a{color:inherit;font-size:inherit;line-height:inherit}.elementor-widget-heading .elementor-heading-title.elementor-size-small{font-size:15px}.elementor-widget-heading .elementor-heading-title.elementor-size-medium{font-size:19px}.elementor-widget-heading .elementor-heading-title.elementor-size-large{font-size:29px}.elementor-widget-heading .elementor-heading-title.elementor-size-xl{font-size:39px}.elementor-widget-heading .elementor-heading-title.elementor-size-xxl{font-size:59px}<\/style><h2 class=\"elementor-heading-title elementor-size-default\">Mi libro - \"El camino de ser\"<\/h2>\t\t<\/div>\n\t\t\t\t<\/div>\n\t\t\t\t\t<\/div>\n\t\t<\/div>\n\t\t\t\t\t\t\t<\/div>\n\t\t<\/section>\n\t\t\t\t<section class=\"elementor-section elementor-top-section elementor-element elementor-element-48b9b44 elementor-section-boxed elementor-section-height-default elementor-section-height-default\" data-id=\"48b9b44\" data-element_type=\"section\" data-settings=\"{&quot;_ha_eqh_enable&quot;:false}\">\n\t\t\t\t\t\t<div class=\"elementor-container elementor-column-gap-default\">\n\t\t\t\t\t<div class=\"elementor-column elementor-col-50 elementor-top-column elementor-element elementor-element-500c4c9\" data-id=\"500c4c9\" data-element_type=\"column\">\n\t\t\t<div class=\"elementor-widget-wrap elementor-element-populated\">\n\t\t\t\t\t\t\t\t<div class=\"elementor-element elementor-element-bc01397 elementor-widget elementor-widget-image\" data-id=\"bc01397\" data-element_type=\"widget\" data-widget_type=\"image.default\">\n\t\t\t\t<div class=\"elementor-widget-container\">\n\t\t\t<style>\/*! elementor - v3.16.0 - 12-09-2023 *\/\n.elementor-widget-image{text-align:center}.elementor-widget-image a{display:inline-block}.elementor-widget-image a img[src$=\".svg\"]{width:48px}.elementor-widget-image img{vertical-align:middle;display:inline-block}<\/style>\t\t\t\t\t\t\t\t\t\t\t\t<img decoding=\"async\" loading=\"lazy\" width=\"768\" height=\"1229\" src=\"https:\/\/elena-ramirez.com\/wp-content\/uploads\/Portada-El-camino-de-ser-768x1229.png\" class=\"attachment-medium_large size-medium_large wp-image-10013\" alt=\"\" srcset=\"https:\/\/elena-ramirez.com\/wp-content\/uploads\/Portada-El-camino-de-ser-768x1229.png 768w, https:\/\/elena-ramirez.com\/wp-content\/uploads\/Portada-El-camino-de-ser-960x1536.png 960w, https:\/\/elena-ramirez.com\/wp-content\/uploads\/Portada-El-camino-de-ser-1280x2048.png 1280w, https:\/\/elena-ramirez.com\/wp-content\/uploads\/Portada-El-camino-de-ser.png 1600w\" sizes=\"(max-width: 768px) 100vw, 768px\" \/>\t\t\t\t\t\t\t\t\t\t\t\t\t\t\t<\/div>\n\t\t\t\t<\/div>\n\t\t\t\t\t<\/div>\n\t\t<\/div>\n\t\t\t\t<div class=\"elementor-column elementor-col-50 elementor-top-column elementor-element elementor-element-038b875\" data-id=\"038b875\" data-element_type=\"column\">\n\t\t\t<div class=\"elementor-widget-wrap elementor-element-populated\">\n\t\t\t\t\t\t\t\t<div class=\"elementor-element elementor-element-523deaa elementor-widget elementor-widget-text-editor\" data-id=\"523deaa\" data-element_type=\"widget\" data-widget_type=\"text-editor.default\">\n\t\t\t\t<div class=\"elementor-widget-container\">\n\t\t\t<style>\/*! elementor - v3.16.0 - 12-09-2023 *\/\n.elementor-widget-text-editor.elementor-drop-cap-view-stacked .elementor-drop-cap{background-color:#69727d;color:#fff}.elementor-widget-text-editor.elementor-drop-cap-view-framed .elementor-drop-cap{color:#69727d;border:3px solid;background-color:transparent}.elementor-widget-text-editor:not(.elementor-drop-cap-view-default) .elementor-drop-cap{margin-top:8px}.elementor-widget-text-editor:not(.elementor-drop-cap-view-default) .elementor-drop-cap-letter{width:1em;height:1em}.elementor-widget-text-editor .elementor-drop-cap{float:left;text-align:center;line-height:1;font-size:50px}.elementor-widget-text-editor .elementor-drop-cap-letter{display:inline-block}<\/style>\t\t\t\t<p>\ud83d\udcd9 <strong>El camino de ser<\/strong> \u2013 Es un libro de autoayuda, desarrollo personal, motivaci\u00f3n e inspiraci\u00f3n para vivir una vida con m\u00e1s plenitud y bienestar emocional. Lo puedes encontrar en Amazon.  <\/p>\n\t\t\t\t\t\t<\/div>\n\t\t\t\t<\/div>\n\t\t\t\t\t<\/div>\n\t\t<\/div>\n\t\t\t\t\t\t\t<\/div>\n\t\t<\/section>\n\t\t\t\t\t\t\t<\/div>\n\t\t","protected":false},"excerpt":{"rendered":"<p>Mi libro &#8211; &#8220;El camino de ser&#8221; \ud83d\udcd9 El camino de ser \u2013 Es un libro de autoayuda, desarrollo personal, motivaci\u00f3n e inspiraci\u00f3n para vivir una vida con m\u00e1s plenitud y bienestar emocional. Lo puedes encontrar en Amazon.<\/p>\n","protected":false},"author":3,"featured_media":0,"parent":0,"menu_order":0,"comment_status":"closed","ping_status":"closed","template":"","meta":{"_seopress_robots_primary_cat":"","site-sidebar-layout":"no-sidebar","site-content-layout":"page-builder","ast-global-header-display":"","ast-main-header-display":"","ast-hfb-above-header-display":"","ast-hfb-below-header-display":"","ast-hfb-mobile-header-display":"","site-post-title":"disabled","ast-breadcrumbs-content":"","ast-featured-img":"disabled","footer-sml-layout":"","theme-transparent-header-meta":"","adv-header-id-meta":"","stick-header-meta":"","header-above-stick-meta":"","header-main-stick-meta":"","header-below-stick-meta":"","footnotes":""},"_links":{"self":[{"href":"https:\/\/elena-ramirez.com\/es\/wp-json\/wp\/v2\/pages\/10020"}],"collection":[{"href":"https:\/\/elena-ramirez.com\/es\/wp-json\/wp\/v2\/pages"}],"about":[{"href":"https:\/\/elena-ramirez.com\/es\/wp-json\/wp\/v2\/types\/page"}],"author":[{"embeddable":true,"href":"https:\/\/elena-ramirez.com\/es\/wp-json\/wp\/v2\/users\/3"}],"replies":[{"embeddable":true,"href":"https:\/\/elena-ramirez.com\/es\/wp-json\/wp\/v2\/comments?post=10020"}],"version-history":[{"count":1,"href":"https:\/\/elena-ramirez.com\/es\/wp-json\/wp\/v2\/pages\/10020\/revisions"}],"predecessor-version":[{"id":10021,"href":"https:\/\/elena-ramirez.com\/es\/wp-json\/wp\/v2\/pages\/10020\/revisions\/10021"}],"wp:attachment":[{"href":"https:\/\/elena-ramirez.com\/es\/wp-json\/wp\/v2\/media?parent=10020"}],"curies":[{"name":"wp","href":"https:\/\/api.w.org\/{rel}","templated":true}]}}