{"id":8664,"date":"2024-09-09T11:00:27","date_gmt":"2024-09-09T09:00:27","guid":{"rendered":"https:\/\/elena-ramirez.com\/?page_id=8664"},"modified":"2025-01-19T19:44:59","modified_gmt":"2025-01-19T18:44:59","slug":"my-book-el-mundo-empieza-contigo","status":"publish","type":"page","link":"https:\/\/elena-ramirez.com\/es\/my-book-el-mundo-empieza-contigo\/","title":{"rendered":"Mi libro El mundo empieza contigo"},"content":{"rendered":"\t\t<div data-elementor-type=\"wp-page\" data-elementor-id=\"8664\" class=\"elementor elementor-8664 elementor-8608\" data-elementor-post-type=\"page\">\n\t\t\t\t\t\t\t\t\t<section class=\"elementor-section elementor-top-section elementor-element elementor-element-2dae057 elementor-section-boxed elementor-section-height-default elementor-section-height-default\" data-id=\"2dae057\" data-element_type=\"section\" data-settings=\"{&quot;_ha_eqh_enable&quot;:false}\">\n\t\t\t\t\t\t<div class=\"elementor-container elementor-column-gap-default\">\n\t\t\t\t\t<div class=\"elementor-column elementor-col-100 elementor-top-column elementor-element elementor-element-5710504\" data-id=\"5710504\" data-element_type=\"column\">\n\t\t\t<div class=\"elementor-widget-wrap elementor-element-populated\">\n\t\t\t\t\t\t\t\t<div class=\"elementor-element elementor-element-4d8f178 elementor-widget elementor-widget-heading\" data-id=\"4d8f178\" data-element_type=\"widget\" data-widget_type=\"heading.default\">\n\t\t\t\t<div class=\"elementor-widget-container\">\n\t\t\t<style>\/*! elementor - v3.16.0 - 12-09-2023 *\/\n.elementor-heading-title{padding:0;margin:0;line-height:1}.elementor-widget-heading .elementor-heading-title[class*=elementor-size-]>a{color:inherit;font-size:inherit;line-height:inherit}.elementor-widget-heading .elementor-heading-title.elementor-size-small{font-size:15px}.elementor-widget-heading .elementor-heading-title.elementor-size-medium{font-size:19px}.elementor-widget-heading .elementor-heading-title.elementor-size-large{font-size:29px}.elementor-widget-heading .elementor-heading-title.elementor-size-xl{font-size:39px}.elementor-widget-heading .elementor-heading-title.elementor-size-xxl{font-size:59px}<\/style><h2 class=\"elementor-heading-title elementor-size-default\">Mi libro<\/h2>\t\t<\/div>\n\t\t\t\t<\/div>\n\t\t\t\t\t<\/div>\n\t\t<\/div>\n\t\t\t\t\t\t\t<\/div>\n\t\t<\/section>\n\t\t\t\t<section class=\"elementor-section elementor-top-section elementor-element elementor-element-3ba3bce elementor-section-boxed elementor-section-height-default elementor-section-height-default\" data-id=\"3ba3bce\" data-element_type=\"section\" data-settings=\"{&quot;_ha_eqh_enable&quot;:false}\">\n\t\t\t\t\t\t<div class=\"elementor-container elementor-column-gap-default\">\n\t\t\t\t\t<div class=\"elementor-column elementor-col-100 elementor-top-column elementor-element elementor-element-c63a98e\" data-id=\"c63a98e\" data-element_type=\"column\">\n\t\t\t<div class=\"elementor-widget-wrap elementor-element-populated\">\n\t\t\t\t\t\t\t\t<div class=\"elementor-element elementor-element-bc6c8b2 elementor-widget elementor-widget-heading\" data-id=\"bc6c8b2\" data-element_type=\"widget\" data-widget_type=\"heading.default\">\n\t\t\t\t<div class=\"elementor-widget-container\">\n\t\t\t<h3 class=\"elementor-heading-title elementor-size-default\">El mundo empieza contigo<\/h3>\t\t<\/div>\n\t\t\t\t<\/div>\n\t\t\t\t\t<\/div>\n\t\t<\/div>\n\t\t\t\t\t\t\t<\/div>\n\t\t<\/section>\n\t\t\t\t<section class=\"elementor-section elementor-top-section elementor-element elementor-element-ebccaf2 elementor-section-boxed elementor-section-height-default elementor-section-height-default\" data-id=\"ebccaf2\" data-element_type=\"section\" data-settings=\"{&quot;_ha_eqh_enable&quot;:false}\">\n\t\t\t\t\t\t<div class=\"elementor-container elementor-column-gap-default\">\n\t\t\t\t\t<div class=\"elementor-column elementor-col-50 elementor-top-column elementor-element elementor-element-81db160\" data-id=\"81db160\" data-element_type=\"column\">\n\t\t\t<div class=\"elementor-widget-wrap elementor-element-populated\">\n\t\t\t\t\t\t\t\t<div class=\"elementor-element elementor-element-0b65c83 elementor-widget elementor-widget-text-editor\" data-id=\"0b65c83\" data-element_type=\"widget\" data-widget_type=\"text-editor.default\">\n\t\t\t\t<div class=\"elementor-widget-container\">\n\t\t\t<style>\/*! elementor - v3.16.0 - 12-09-2023 *\/\n.elementor-widget-text-editor.elementor-drop-cap-view-stacked .elementor-drop-cap{background-color:#69727d;color:#fff}.elementor-widget-text-editor.elementor-drop-cap-view-framed .elementor-drop-cap{color:#69727d;border:3px solid;background-color:transparent}.elementor-widget-text-editor:not(.elementor-drop-cap-view-default) .elementor-drop-cap{margin-top:8px}.elementor-widget-text-editor:not(.elementor-drop-cap-view-default) .elementor-drop-cap-letter{width:1em;height:1em}.elementor-widget-text-editor .elementor-drop-cap{float:left;text-align:center;line-height:1;font-size:50px}.elementor-widget-text-editor .elementor-drop-cap-letter{display:inline-block}<\/style>\t\t\t\t<p><span style=\"font-weight: 400;\">Me alegro much\u00edsimo presentarte mi libro \u201cEl mundo empieza contigo\u201d. La idea y el t\u00edtulo del libro me lleg\u00f3 cuando estuve caminando por el hermoso Parqu\u00e9 M\u00e9xico en la Ciudad de M\u00e9xico. La verdad tuve un mont\u00f3n de diferentes ideas para escribir, pero sent\u00ed y c\u00f3mo recib\u00ed un llamado del universo para empezar con este libro.\u00a0<\/span><\/p><p><span style=\"font-weight: 400;\">Apasionada por el desarrollo personal y psicolog\u00eda estuve estudiando muchos a\u00f1os sobre diferentes temas y trabaj\u00e9 con clientes de diferentes pa\u00edses por Zoom. Y v\u00ed que muchos problemas y situaciones dif\u00edciles en la vida pasan por no trabajar en la inteligencia emocional, por no saber gestionar las emociones y no tener el control de los pensamientos, por las reacciones inconscientes e impulsivas. Cuando uno no sabe manejar sus emociones no s\u00f3lo puede sentirse perdido, deprimido y frustrado, sino que puede enfermarse. Tambi\u00e9n si uno sabe manejar sus emociones, puede tomar mejores decisiones en la vida. Entender c\u00f3mo uno piensa y c\u00f3mo podr\u00eda pensar para obtener mejores resultados en la vida es lo que te da poder.\u00a0<\/span><\/p><p><span style=\"font-weight: 400;\">Cu\u00e1ntos vecinos nosotros mismos nos quitamos la energ\u00eda con pensamientos destructivos y emociones disfuncionales en lugar de empoderarnos y lograr milagros. Tambi\u00e9n hablo sobre el amor propio, c\u00f3mo construir una relaci\u00f3n de pareja duradera y saludable, la espiritualidad moderna y muchas cosas m\u00e1s.\u00a0<\/span><\/p><p><span style=\"font-weight: 400;\">Este libro no solo te abre m\u00e1s posibilidades y te da herramientas que puedes aplicar cada d\u00eda sino que puedes tenerlo en tu mesa o en la forma digital para acudir cada vez que necesitas una inspiraci\u00f3n, motivaci\u00f3n y empoderamiento y para cultivar nuevos h\u00e1bitos.<\/span><\/p><p><span style=\"font-weight: 400;\">Estamos acostumbrados a buscar un tratamiento cuando ya estamos enfermos, pero nos olvidamos en pensar que podemos hacer para no enfermarnos, c\u00f3mo podemos pensar mejor, c\u00f3mo cuidar y gestionar nuestras emociones y sentimientos, c\u00f3mo relajarse y c\u00f3mo empoderar la mente. Con las herramientas de coaching y inteligencia emocional puedes enfrentar los desaf\u00edos y resolver las situaciones de la mejor manera y si est\u00e1s perdido en este momento, el libro te puede ayudar a encontrar las soluciones y transformar. <\/span><span style=\"font-weight: 400;\">Con mucha luz y amor.\u00a0\u00a0<\/span><\/p>\t\t\t\t\t\t<\/div>\n\t\t\t\t<\/div>\n\t\t\t\t\t<\/div>\n\t\t<\/div>\n\t\t\t\t<div class=\"elementor-column elementor-col-50 elementor-top-column elementor-element elementor-element-c73261a\" data-id=\"c73261a\" data-element_type=\"column\">\n\t\t\t<div class=\"elementor-widget-wrap elementor-element-populated\">\n\t\t\t\t\t\t\t\t<div class=\"elementor-element elementor-element-d340e31 elementor-widget elementor-widget-image\" data-id=\"d340e31\" data-element_type=\"widget\" data-widget_type=\"image.default\">\n\t\t\t\t<div class=\"elementor-widget-container\">\n\t\t\t<style>\/*! elementor - v3.16.0 - 12-09-2023 *\/\n.elementor-widget-image{text-align:center}.elementor-widget-image a{display:inline-block}.elementor-widget-image a img[src$=\".svg\"]{width:48px}.elementor-widget-image img{vertical-align:middle;display:inline-block}<\/style>\t\t\t\t\t\t\t\t\t\t\t\t<img decoding=\"async\" loading=\"lazy\" width=\"800\" height=\"1131\" src=\"https:\/\/elena-ramirez.com\/wp-content\/uploads\/about-my-book.jpg\" class=\"attachment-large size-large wp-image-8616\" alt=\"\" srcset=\"https:\/\/elena-ramirez.com\/wp-content\/uploads\/about-my-book.jpg 800w, https:\/\/elena-ramirez.com\/wp-content\/uploads\/about-my-book-768x1086.jpg 768w\" sizes=\"(max-width: 800px) 100vw, 800px\" \/>\t\t\t\t\t\t\t\t\t\t\t\t\t\t\t<\/div>\n\t\t\t\t<\/div>\n\t\t\t\t\t<\/div>\n\t\t<\/div>\n\t\t\t\t\t\t\t<\/div>\n\t\t<\/section>\n\t\t\t\t<section class=\"elementor-section elementor-top-section elementor-element elementor-element-41195b6 elementor-section-boxed elementor-section-height-default elementor-section-height-default\" data-id=\"41195b6\" data-element_type=\"section\" data-settings=\"{&quot;_ha_eqh_enable&quot;:false}\">\n\t\t\t\t\t\t<div class=\"elementor-container elementor-column-gap-default\">\n\t\t\t\t\t<div class=\"elementor-column elementor-col-100 elementor-top-column elementor-element elementor-element-c6085cc\" data-id=\"c6085cc\" data-element_type=\"column\">\n\t\t\t<div class=\"elementor-widget-wrap elementor-element-populated\">\n\t\t\t\t\t\t\t\t<div class=\"elementor-element elementor-element-fee06ac elementor-widget elementor-widget-heading\" data-id=\"fee06ac\" data-element_type=\"widget\" data-widget_type=\"heading.default\">\n\t\t\t\t<div class=\"elementor-widget-container\">\n\t\t\t<h3 class=\"elementor-heading-title elementor-size-default\">D\u00f3nde puedes encontrar mi libro<\/h3>\t\t<\/div>\n\t\t\t\t<\/div>\n\t\t\t\t\t<\/div>\n\t\t<\/div>\n\t\t\t\t\t\t\t<\/div>\n\t\t<\/section>\n\t\t\t\t<section class=\"elementor-section elementor-top-section elementor-element elementor-element-9f9286c elementor-section-boxed elementor-section-height-default elementor-section-height-default\" data-id=\"9f9286c\" data-element_type=\"section\" data-settings=\"{&quot;_ha_eqh_enable&quot;:false}\">\n\t\t\t\t\t\t<div class=\"elementor-container elementor-column-gap-default\">\n\t\t\t\t\t<div class=\"elementor-column elementor-col-33 elementor-top-column elementor-element elementor-element-c26d736\" data-id=\"c26d736\" data-element_type=\"column\">\n\t\t\t<div class=\"elementor-widget-wrap elementor-element-populated\">\n\t\t\t\t\t\t\t\t<div class=\"elementor-element elementor-element-5ea67d4 elementor-widget elementor-widget-heading\" data-id=\"5ea67d4\" data-element_type=\"widget\" data-widget_type=\"heading.default\">\n\t\t\t\t<div class=\"elementor-widget-container\">\n\t\t\t<h4 class=\"elementor-heading-title elementor-size-default\">Original en espa\u00f1ol<\/h4>\t\t<\/div>\n\t\t\t\t<\/div>\n\t\t\t\t<div class=\"elementor-element elementor-element-9b9aa56 elementor-widget elementor-widget-text-editor\" data-id=\"9b9aa56\" data-element_type=\"widget\" data-widget_type=\"text-editor.default\">\n\t\t\t\t<div class=\"elementor-widget-container\">\n\t\t\t\t\t\t\t<p><a href=\"https:\/\/www.gandhi.com.mx\/el-mundo-empieza-contigo-9788410689411\/p?srsltid=AfmBOorP74Kuc14jz26KxI6eaTklcsB-tOOeV0I3zL6Nu4cx5Ofkd1Kv\" target=\"_blank\" rel=\"noopener\">Gandhi M\u00e9xico<\/a><\/p><p><a href=\"https:\/\/www.amazon.com.mx\/dp\/8410688557?ref=cm_sw_r_apan_dp_G6AD680BHXQDQR0WGAEH&amp;ref_=cm_sw_r_apan_dp_G6AD680BHXQDQR0WGAEH&amp;social_share=cm_sw_r_apan_dp_G6AD680BHXQDQR0WGAEH&amp;language=es-MX&amp;starsLeft=1&amp;dplnkId=6351f8c5-cfad-4048-82f7-4d34931cabe3&amp;ref=d6k_applink_bb_dls\" target=\"_blank\" rel=\"noopener\">Amazon M\u00e9xico<\/a><\/p><p><a href=\"https:\/\/www.gonvill.com.mx\/libro\/el-mundo-empieza-contigo_4396053430\" target=\"_blank\" rel=\"noopener\">Gonvill Librer\u00edas (M\u00e9xico)<\/a><\/p><p><a href=\"https:\/\/www.agapea.com\/Elena-Ramirez-Hernandez\/El-mundo-empieza-contigo-9788410688551-i.htm?srsltid=AfmBOorW0_xoTsPyrMg1ct0-vQTcae77o43CwdC4dQIHrrSrt-AaNkqU\" target=\"_blank\" rel=\"noopener\">Agapea Spain<\/a><\/p><p><a href=\"https:\/\/www.amazon.es\/El-mundo-empieza-contigo-Autoayuda\/dp\/8410688557?_encoding=UTF8&amp;dib_tag=se&amp;dib=eyJ2IjoiMSJ9.g8PagkunJYBytQkugNZtgw.u1PJRnvkuJcjbwQ0xSlXkPWQBmcxTl8orHmThvpUkqY&amp;qid=1724413373&amp;sr=1-1&amp;linkCode=sl1&amp;tag=letrame-21&amp;linkId=9fff6e00f91f18ea8daca8fb87b47cd3&amp;language=es_ES&amp;ref_=as_li_ss_tl\" target=\"_blank\" rel=\"noopener\">Amazon Spain<\/a><\/p><p><a href=\"https:\/\/www.amazon.de\/mundo-empieza-contigo-Autoayuda-Band\/dp\/8410688557\/ref=sr_1_1?__mk_de_DE=%C3%85M%C3%85%C5%BD%C3%95%C3%91&amp;crid=3LC01C2O2CE73&amp;dib=eyJ2IjoiMSJ9.YG0K2fzAN1PBKSHErZz7hDO9cQJg1_KAKe4fj27xFW-1bkUcz1tpw_KaTGzxJSlk4ZE90yK0f_40d3rdho3ckdIuIuvt17n7ioEpe8x6Qa38rN0Mf6c_1rukr6Gswb1VJ-ZLEoaldkCEgJkQkVebO_EHTocpu0wuqTJX67ASIBdXzNOVSvoisSHxd4IUUqioyUNknZv0mBCwcQf_SJlGFz-vjxWe8XJcbhENZNIDYrQ.zloBY1lK8PyuCJToJSnZVy8uA7dAp_OX6jcDqHS6690&amp;dib_tag=se&amp;keywords=el+mundo+empieza+contigo&amp;qid=1725795851&amp;sprefix=el+mundo+empieza+contigo%2Caps%2C159&amp;sr=8-1\" target=\"_blank\" rel=\"noopener\">Amazon Germany<\/a><\/p><p><a href=\"https:\/\/www.amazon.com\/El-mundo-empieza-contigo-Spanish-ebook\/dp\/B0DCP8ZSHX\/ref=sr_1_1?crid=36X5Y992IFSUS&amp;dib=eyJ2IjoiMSJ9.YG0K2fzAN1PBKSHErZz7hNsYAcB533lIoFk1iI0x8toOn8XAxE3nh1b7qQ_BRa8tpQ2aAqOgX37e9VWB-HHWEl4IYJ8RB_n1zYQbREwfCzpja3gvMoYIM2aYu3kuEe1iCb8-ZwV6267PNlYM7myZzeTN1DtmT201vkoUU0T754u0WiQk9_jWyhQggSARYcykXz93ciZZkotZa5Mtu3kjjg.czkGZ2i4uuoXO3owEWJBjPqYLNcLnGUPoyR5HylP0c4&amp;dib_tag=se&amp;keywords=el+mundo+empieza+contigo&amp;qid=1725794929&amp;sprefix=el+mundo+empieza+contigo%2Caps%2C301&amp;sr=8-1\" target=\"_blank\" rel=\"noopener\">Amazon US<\/a><\/p><p>Tambi\u00e9n en Amazon en otros pa\u00edses y en Latinoam\u00e9rica<\/p>\t\t\t\t\t\t<\/div>\n\t\t\t\t<\/div>\n\t\t\t\t\t<\/div>\n\t\t<\/div>\n\t\t\t\t<div class=\"elementor-column elementor-col-33 elementor-top-column elementor-element elementor-element-2d9a025\" data-id=\"2d9a025\" data-element_type=\"column\">\n\t\t\t<div class=\"elementor-widget-wrap elementor-element-populated\">\n\t\t\t\t\t\t\t\t<div class=\"elementor-element elementor-element-925ffea elementor-widget elementor-widget-heading\" data-id=\"925ffea\" data-element_type=\"widget\" data-widget_type=\"heading.default\">\n\t\t\t\t<div class=\"elementor-widget-container\">\n\t\t\t<h4 class=\"elementor-heading-title elementor-size-default\">En ingl\u00e9s<\/h4>\t\t<\/div>\n\t\t\t\t<\/div>\n\t\t\t\t<div class=\"elementor-element elementor-element-7b43e8d elementor-widget elementor-widget-text-editor\" data-id=\"7b43e8d\" data-element_type=\"widget\" data-widget_type=\"text-editor.default\">\n\t\t\t\t<div class=\"elementor-widget-container\">\n\t\t\t\t\t\t\t<p><a href=\"https:\/\/www.amazon.de\/dp\/B0DQ8KBGFW\" target=\"_blank\" rel=\"noopener\">Amazon Germany<\/a><\/p><p><a href=\"https:\/\/www.amazon.com\/dp\/B0DQ8KBGFW\" target=\"_blank\" rel=\"noopener\">Amazon US<\/a><\/p><p><a href=\"https:\/\/www.amazon.ca\/dp\/B0DQ8KBGFW\" target=\"_blank\" rel=\"noopener\">Amazon Canada<\/a><\/p><p><strong>Available on<\/strong>\u00a0Amazon<\/p><p>US, UK, DE, FR, ES,\u00a0 IT,\u00a0 NL, PL,\u00a0 SE,\u00a0 JP,\u00a0 CA,\u00a0 AU<\/p>\t\t\t\t\t\t<\/div>\n\t\t\t\t<\/div>\n\t\t\t\t\t<\/div>\n\t\t<\/div>\n\t\t\t\t<div class=\"elementor-column elementor-col-33 elementor-top-column elementor-element elementor-element-18845aa\" data-id=\"18845aa\" data-element_type=\"column\">\n\t\t\t<div class=\"elementor-widget-wrap elementor-element-populated\">\n\t\t\t\t\t\t\t\t<div class=\"elementor-element elementor-element-4630308 elementor-widget elementor-widget-heading\" data-id=\"4630308\" data-element_type=\"widget\" data-widget_type=\"heading.default\">\n\t\t\t\t<div class=\"elementor-widget-container\">\n\t\t\t<h4 class=\"elementor-heading-title elementor-size-default\">En alem\u00e1n<\/h4>\t\t<\/div>\n\t\t\t\t<\/div>\n\t\t\t\t<div class=\"elementor-element elementor-element-de7c231 elementor-widget elementor-widget-text-editor\" data-id=\"de7c231\" data-element_type=\"widget\" data-widget_type=\"text-editor.default\">\n\t\t\t\t<div class=\"elementor-widget-container\">\n\t\t\t\t\t\t\t<p><a href=\"https:\/\/www.amazon.de\/dp\/B0DR5TC1PT\" target=\"_blank\" rel=\"noopener\">Amazon Germany<\/a><\/p><p><a href=\"https:\/\/www.amazon.com\/dp\/B0DR5TC1PT\" target=\"_blank\" rel=\"noopener\">Amazon US<\/a><\/p><p>Also on Amazon<\/p><p>US, UK, DE, FR, ES, IT, NL, JP, BR, CA, MX, AU, IN<\/p>\t\t\t\t\t\t<\/div>\n\t\t\t\t<\/div>\n\t\t\t\t<div class=\"elementor-element elementor-element-557b96c elementor-widget elementor-widget-heading\" data-id=\"557b96c\" data-element_type=\"widget\" data-widget_type=\"heading.default\">\n\t\t\t\t<div class=\"elementor-widget-container\">\n\t\t\t<h4 class=\"elementor-heading-title elementor-size-default\">En ruso<\/h4>\t\t<\/div>\n\t\t\t\t<\/div>\n\t\t\t\t<div class=\"elementor-element elementor-element-54a6552 elementor-widget elementor-widget-text-editor\" data-id=\"54a6552\" data-element_type=\"widget\" data-widget_type=\"text-editor.default\">\n\t\t\t\t<div class=\"elementor-widget-container\">\n\t\t\t\t\t\t\t<p>Por el momento, disponible solo como ebook. Para realizar el pedido, por favor, cont\u00e1ctame a trav\u00e9s del formulario de contacto.<\/p>\t\t\t\t\t\t<\/div>\n\t\t\t\t<\/div>\n\t\t\t\t\t<\/div>\n\t\t<\/div>\n\t\t\t\t\t\t\t<\/div>\n\t\t<\/section>\n\t\t\t\t\t\t\t<\/div>\n\t\t","protected":false},"excerpt":{"rendered":"<p>Mi libro El mundo empieza contigo Me alegro much\u00edsimo presentarte mi libro \u201cEl mundo empieza contigo\u201d. La idea y el t\u00edtulo del libro me lleg\u00f3 cuando estuve caminando por el hermoso Parqu\u00e9 M\u00e9xico en la Ciudad de M\u00e9xico. La verdad tuve un mont\u00f3n de diferentes ideas para escribir, pero sent\u00ed y c\u00f3mo recib\u00ed un llamado &hellip;<\/p>\n<p class=\"read-more\"> <a class=\"\" href=\"https:\/\/elena-ramirez.com\/es\/my-book-el-mundo-empieza-contigo\/\"> <span class=\"screen-reader-text\">Mi libro El mundo empieza contigo<\/span> Leer m\u00e1s \u00bb<\/a><\/p>\n","protected":false},"author":3,"featured_media":0,"parent":0,"menu_order":0,"comment_status":"closed","ping_status":"closed","template":"","meta":{"_seopress_robots_primary_cat":"","site-sidebar-layout":"no-sidebar","site-content-layout":"page-builder","ast-global-header-display":"","ast-main-header-display":"","ast-hfb-above-header-display":"","ast-hfb-below-header-display":"","ast-hfb-mobile-header-display":"","site-post-title":"disabled","ast-breadcrumbs-content":"","ast-featured-img":"disabled","footer-sml-layout":"","theme-transparent-header-meta":"","adv-header-id-meta":"","stick-header-meta":"","header-above-stick-meta":"","header-main-stick-meta":"","header-below-stick-meta":"","footnotes":""},"_links":{"self":[{"href":"https:\/\/elena-ramirez.com\/es\/wp-json\/wp\/v2\/pages\/8664"}],"collection":[{"href":"https:\/\/elena-ramirez.com\/es\/wp-json\/wp\/v2\/pages"}],"about":[{"href":"https:\/\/elena-ramirez.com\/es\/wp-json\/wp\/v2\/types\/page"}],"author":[{"embeddable":true,"href":"https:\/\/elena-ramirez.com\/es\/wp-json\/wp\/v2\/users\/3"}],"replies":[{"embeddable":true,"href":"https:\/\/elena-ramirez.com\/es\/wp-json\/wp\/v2\/comments?post=8664"}],"version-history":[{"count":10,"href":"https:\/\/elena-ramirez.com\/es\/wp-json\/wp\/v2\/pages\/8664\/revisions"}],"predecessor-version":[{"id":9480,"href":"https:\/\/elena-ramirez.com\/es\/wp-json\/wp\/v2\/pages\/8664\/revisions\/9480"}],"wp:attachment":[{"href":"https:\/\/elena-ramirez.com\/es\/wp-json\/wp\/v2\/media?parent=8664"}],"curies":[{"name":"wp","href":"https:\/\/api.w.org\/{rel}","templated":true}]}}