{"id":9834,"date":"2025-04-18T17:02:32","date_gmt":"2025-04-18T15:02:32","guid":{"rendered":"https:\/\/elena-ramirez.com\/los-momentos-de-conciencia\/"},"modified":"2025-04-18T17:09:25","modified_gmt":"2025-04-18T15:09:25","slug":"los-momentos-de-conciencia","status":"publish","type":"page","link":"https:\/\/elena-ramirez.com\/es\/los-momentos-de-conciencia\/","title":{"rendered":"Los Momentos de Conciencia"},"content":{"rendered":"\t\t<div data-elementor-type=\"wp-page\" data-elementor-id=\"9834\" class=\"elementor elementor-9834 elementor-9726\" data-elementor-post-type=\"page\">\n\t\t\t\t\t\t\t\t\t<section class=\"elementor-section elementor-top-section elementor-element elementor-element-8ec2404 elementor-section-boxed elementor-section-height-default elementor-section-height-default\" data-id=\"8ec2404\" data-element_type=\"section\" data-settings=\"{&quot;_ha_eqh_enable&quot;:false}\">\n\t\t\t\t\t\t<div class=\"elementor-container elementor-column-gap-default\">\n\t\t\t\t\t<div class=\"elementor-column elementor-col-100 elementor-top-column elementor-element elementor-element-6518680\" data-id=\"6518680\" data-element_type=\"column\">\n\t\t\t<div class=\"elementor-widget-wrap elementor-element-populated\">\n\t\t\t\t\t\t\t\t<div class=\"elementor-element elementor-element-90345da elementor-widget elementor-widget-heading\" data-id=\"90345da\" data-element_type=\"widget\" data-widget_type=\"heading.default\">\n\t\t\t\t<div class=\"elementor-widget-container\">\n\t\t\t<style>\/*! elementor - v3.16.0 - 12-09-2023 *\/\n.elementor-heading-title{padding:0;margin:0;line-height:1}.elementor-widget-heading .elementor-heading-title[class*=elementor-size-]>a{color:inherit;font-size:inherit;line-height:inherit}.elementor-widget-heading .elementor-heading-title.elementor-size-small{font-size:15px}.elementor-widget-heading .elementor-heading-title.elementor-size-medium{font-size:19px}.elementor-widget-heading .elementor-heading-title.elementor-size-large{font-size:29px}.elementor-widget-heading .elementor-heading-title.elementor-size-xl{font-size:39px}.elementor-widget-heading .elementor-heading-title.elementor-size-xxl{font-size:59px}<\/style><h2 class=\"elementor-heading-title elementor-size-default\">Mi libro - \"Los Momentos de Conciencia\"<\/h2>\t\t<\/div>\n\t\t\t\t<\/div>\n\t\t\t\t\t<\/div>\n\t\t<\/div>\n\t\t\t\t\t\t\t<\/div>\n\t\t<\/section>\n\t\t\t\t<section class=\"elementor-section elementor-top-section elementor-element elementor-element-8828447 elementor-section-boxed elementor-section-height-default elementor-section-height-default\" data-id=\"8828447\" data-element_type=\"section\" data-settings=\"{&quot;_ha_eqh_enable&quot;:false}\">\n\t\t\t\t\t\t<div class=\"elementor-container elementor-column-gap-default\">\n\t\t\t\t\t<div class=\"elementor-column elementor-col-50 elementor-top-column elementor-element elementor-element-b0704c2\" data-id=\"b0704c2\" data-element_type=\"column\">\n\t\t\t<div class=\"elementor-widget-wrap elementor-element-populated\">\n\t\t\t\t\t\t\t\t<div class=\"elementor-element elementor-element-9e3a3f2 elementor-widget elementor-widget-image\" data-id=\"9e3a3f2\" data-element_type=\"widget\" data-widget_type=\"image.default\">\n\t\t\t\t<div class=\"elementor-widget-container\">\n\t\t\t<style>\/*! elementor - v3.16.0 - 12-09-2023 *\/\n.elementor-widget-image{text-align:center}.elementor-widget-image a{display:inline-block}.elementor-widget-image a img[src$=\".svg\"]{width:48px}.elementor-widget-image img{vertical-align:middle;display:inline-block}<\/style>\t\t\t\t\t\t\t\t\t\t\t\t<img decoding=\"async\" loading=\"lazy\" width=\"1500\" height=\"1990\" src=\"https:\/\/elena-ramirez.com\/wp-content\/uploads\/SHARE-2-WEB-ELENA-DSC_0165.jpg\" class=\"attachment-large size-large wp-image-9735\" alt=\"\" srcset=\"https:\/\/elena-ramirez.com\/wp-content\/uploads\/SHARE-2-WEB-ELENA-DSC_0165.jpg 1500w, https:\/\/elena-ramirez.com\/wp-content\/uploads\/SHARE-2-WEB-ELENA-DSC_0165-768x1019.jpg 768w, https:\/\/elena-ramirez.com\/wp-content\/uploads\/SHARE-2-WEB-ELENA-DSC_0165-1158x1536.jpg 1158w\" sizes=\"(max-width: 1500px) 100vw, 1500px\" \/>\t\t\t\t\t\t\t\t\t\t\t\t\t\t\t<\/div>\n\t\t\t\t<\/div>\n\t\t\t\t\t<\/div>\n\t\t<\/div>\n\t\t\t\t<div class=\"elementor-column elementor-col-50 elementor-top-column elementor-element elementor-element-5c8bf8f\" data-id=\"5c8bf8f\" data-element_type=\"column\">\n\t\t\t<div class=\"elementor-widget-wrap elementor-element-populated\">\n\t\t\t\t\t\t\t\t<div class=\"elementor-element elementor-element-67bb2b9 elementor-widget elementor-widget-text-editor\" data-id=\"67bb2b9\" data-element_type=\"widget\" data-widget_type=\"text-editor.default\">\n\t\t\t\t<div class=\"elementor-widget-container\">\n\t\t\t<style>\/*! elementor - v3.16.0 - 12-09-2023 *\/\n.elementor-widget-text-editor.elementor-drop-cap-view-stacked .elementor-drop-cap{background-color:#69727d;color:#fff}.elementor-widget-text-editor.elementor-drop-cap-view-framed .elementor-drop-cap{color:#69727d;border:3px solid;background-color:transparent}.elementor-widget-text-editor:not(.elementor-drop-cap-view-default) .elementor-drop-cap{margin-top:8px}.elementor-widget-text-editor:not(.elementor-drop-cap-view-default) .elementor-drop-cap-letter{width:1em;height:1em}.elementor-widget-text-editor .elementor-drop-cap{float:left;text-align:center;line-height:1;font-size:50px}.elementor-widget-text-editor .elementor-drop-cap-letter{display:inline-block}<\/style>\t\t\t\t<p class=\"\" data-start=\"49\" data-end=\"265\"><strong data-start=\"49\" data-end=\"81\">\u201cLos Momentos de Conciencia\u201d <\/strong>\u00a0&#8211; es un libro de sabidur\u00edas y pensamientos para reflexionar y sentirse feliz. El lector puede acudir a este libro cada vez que necesita, por eso es c\u00f3mo un libro amigo, que podr\u00eda motivarte.<\/p><p class=\"\" data-start=\"267\" data-end=\"486\">Puedes elegir tus frases favoritas y verlas c\u00f3mo tus inspiraciones. En diferentes momentos de tu vida es una buena gu\u00eda para una vida m\u00e1s consciente, aqu\u00ed y ahora, as\u00ed c\u00f3mo un libro de empoderamiento.<\/p><p class=\"\" data-start=\"488\" data-end=\"565\">Para tus momentos de conciencia, plenitud y felicidad contigo mismo.<\/p>\t\t\t\t\t\t<\/div>\n\t\t\t\t<\/div>\n\t\t\t\t\t<\/div>\n\t\t<\/div>\n\t\t\t\t\t\t\t<\/div>\n\t\t<\/section>\n\t\t\t\t<section class=\"elementor-section elementor-top-section elementor-element elementor-element-fc829c5 elementor-section-boxed elementor-section-height-default elementor-section-height-default\" data-id=\"fc829c5\" data-element_type=\"section\" data-settings=\"{&quot;_ha_eqh_enable&quot;:false}\">\n\t\t\t\t\t\t<div class=\"elementor-container elementor-column-gap-default\">\n\t\t\t\t\t<div class=\"elementor-column elementor-col-100 elementor-top-column elementor-element elementor-element-39e2493\" data-id=\"39e2493\" data-element_type=\"column\">\n\t\t\t<div class=\"elementor-widget-wrap elementor-element-populated\">\n\t\t\t\t\t\t\t\t<div class=\"elementor-element elementor-element-0d4687c elementor-widget elementor-widget-heading\" data-id=\"0d4687c\" data-element_type=\"widget\" data-widget_type=\"heading.default\">\n\t\t\t\t<div class=\"elementor-widget-container\">\n\t\t\t<h2 class=\"elementor-heading-title elementor-size-default\">D\u00f3nde puedes encontrar mi libro<\/h2>\t\t<\/div>\n\t\t\t\t<\/div>\n\t\t\t\t\t<\/div>\n\t\t<\/div>\n\t\t\t\t\t\t\t<\/div>\n\t\t<\/section>\n\t\t\t\t<section class=\"elementor-section elementor-top-section elementor-element elementor-element-09547ee elementor-section-boxed elementor-section-height-default elementor-section-height-default\" data-id=\"09547ee\" data-element_type=\"section\" data-settings=\"{&quot;_ha_eqh_enable&quot;:false}\">\n\t\t\t\t\t\t<div class=\"elementor-container elementor-column-gap-default\">\n\t\t\t\t\t<div class=\"elementor-column elementor-col-100 elementor-top-column elementor-element elementor-element-4c95029\" data-id=\"4c95029\" data-element_type=\"column\">\n\t\t\t<div class=\"elementor-widget-wrap elementor-element-populated\">\n\t\t\t\t\t\t\t\t<div class=\"elementor-element elementor-element-6ac31aa elementor-widget elementor-widget-text-editor\" data-id=\"6ac31aa\" data-element_type=\"widget\" data-widget_type=\"text-editor.default\">\n\t\t\t\t<div class=\"elementor-widget-container\">\n\t\t\t\t\t\t\t<p style=\"text-align: center;\">Puedes comprar este libro en Amazon en diferentes pa\u00edses.<\/p>\t\t\t\t\t\t<\/div>\n\t\t\t\t<\/div>\n\t\t\t\t\t<\/div>\n\t\t<\/div>\n\t\t\t\t\t\t\t<\/div>\n\t\t<\/section>\n\t\t\t\t\t\t\t<\/div>\n\t\t","protected":false},"excerpt":{"rendered":"<p>Mi libro &#8211; &#8220;Los Momentos de Conciencia&#8221; \u201cLos Momentos de Conciencia\u201d \u00a0&#8211; es un libro de sabidur\u00edas y pensamientos para reflexionar y sentirse feliz. El lector puede acudir a este libro cada vez que necesita, por eso es c\u00f3mo un libro amigo, que podr\u00eda motivarte. Puedes elegir tus frases favoritas y verlas c\u00f3mo tus inspiraciones. &hellip;<\/p>\n<p class=\"read-more\"> <a class=\"\" href=\"https:\/\/elena-ramirez.com\/es\/los-momentos-de-conciencia\/\"> <span class=\"screen-reader-text\">Los Momentos de Conciencia<\/span> Leer m\u00e1s \u00bb<\/a><\/p>\n","protected":false},"author":3,"featured_media":0,"parent":0,"menu_order":0,"comment_status":"closed","ping_status":"closed","template":"","meta":{"_seopress_robots_primary_cat":"","site-sidebar-layout":"no-sidebar","site-content-layout":"page-builder","ast-global-header-display":"","ast-main-header-display":"","ast-hfb-above-header-display":"","ast-hfb-below-header-display":"","ast-hfb-mobile-header-display":"","site-post-title":"disabled","ast-breadcrumbs-content":"","ast-featured-img":"disabled","footer-sml-layout":"","theme-transparent-header-meta":"","adv-header-id-meta":"","stick-header-meta":"","header-above-stick-meta":"","header-main-stick-meta":"","header-below-stick-meta":"","footnotes":""},"_links":{"self":[{"href":"https:\/\/elena-ramirez.com\/es\/wp-json\/wp\/v2\/pages\/9834"}],"collection":[{"href":"https:\/\/elena-ramirez.com\/es\/wp-json\/wp\/v2\/pages"}],"about":[{"href":"https:\/\/elena-ramirez.com\/es\/wp-json\/wp\/v2\/types\/page"}],"author":[{"embeddable":true,"href":"https:\/\/elena-ramirez.com\/es\/wp-json\/wp\/v2\/users\/3"}],"replies":[{"embeddable":true,"href":"https:\/\/elena-ramirez.com\/es\/wp-json\/wp\/v2\/comments?post=9834"}],"version-history":[{"count":10,"href":"https:\/\/elena-ramirez.com\/es\/wp-json\/wp\/v2\/pages\/9834\/revisions"}],"predecessor-version":[{"id":9846,"href":"https:\/\/elena-ramirez.com\/es\/wp-json\/wp\/v2\/pages\/9834\/revisions\/9846"}],"wp:attachment":[{"href":"https:\/\/elena-ramirez.com\/es\/wp-json\/wp\/v2\/media?parent=9834"}],"curies":[{"name":"wp","href":"https:\/\/api.w.org\/{rel}","templated":true}]}}