{"id":9847,"date":"2025-04-18T17:20:34","date_gmt":"2025-04-18T15:20:34","guid":{"rendered":"https:\/\/elena-ramirez.com\/blessed-by-the-light\/"},"modified":"2025-04-18T17:22:48","modified_gmt":"2025-04-18T15:22:48","slug":"blessed-by-the-light","status":"publish","type":"page","link":"https:\/\/elena-ramirez.com\/es\/blessed-by-the-light\/","title":{"rendered":"Blessed by the Light"},"content":{"rendered":"\t\t<div data-elementor-type=\"wp-page\" data-elementor-id=\"9847\" class=\"elementor elementor-9847 elementor-9746\" data-elementor-post-type=\"page\">\n\t\t\t\t\t\t\t\t\t<section class=\"elementor-section elementor-top-section elementor-element elementor-element-2cced19 elementor-section-boxed elementor-section-height-default elementor-section-height-default\" data-id=\"2cced19\" data-element_type=\"section\" data-settings=\"{&quot;_ha_eqh_enable&quot;:false}\">\n\t\t\t\t\t\t<div class=\"elementor-container elementor-column-gap-default\">\n\t\t\t\t\t<div class=\"elementor-column elementor-col-100 elementor-top-column elementor-element elementor-element-f2e7d56\" data-id=\"f2e7d56\" data-element_type=\"column\">\n\t\t\t<div class=\"elementor-widget-wrap elementor-element-populated\">\n\t\t\t\t\t\t\t\t<div class=\"elementor-element elementor-element-838634c elementor-widget elementor-widget-heading\" data-id=\"838634c\" data-element_type=\"widget\" data-widget_type=\"heading.default\">\n\t\t\t\t<div class=\"elementor-widget-container\">\n\t\t\t<style>\/*! elementor - v3.16.0 - 12-09-2023 *\/\n.elementor-heading-title{padding:0;margin:0;line-height:1}.elementor-widget-heading .elementor-heading-title[class*=elementor-size-]>a{color:inherit;font-size:inherit;line-height:inherit}.elementor-widget-heading .elementor-heading-title.elementor-size-small{font-size:15px}.elementor-widget-heading .elementor-heading-title.elementor-size-medium{font-size:19px}.elementor-widget-heading .elementor-heading-title.elementor-size-large{font-size:29px}.elementor-widget-heading .elementor-heading-title.elementor-size-xl{font-size:39px}.elementor-widget-heading .elementor-heading-title.elementor-size-xxl{font-size:59px}<\/style><h2 class=\"elementor-heading-title elementor-size-default\">Mi libro - Blessed by the Light (Bendecidos por la Luz)<\/h2>\t\t<\/div>\n\t\t\t\t<\/div>\n\t\t\t\t\t<\/div>\n\t\t<\/div>\n\t\t\t\t\t\t\t<\/div>\n\t\t<\/section>\n\t\t\t\t<section class=\"elementor-section elementor-top-section elementor-element elementor-element-0e83eda elementor-section-boxed elementor-section-height-default elementor-section-height-default\" data-id=\"0e83eda\" data-element_type=\"section\" data-settings=\"{&quot;_ha_eqh_enable&quot;:false}\">\n\t\t\t\t\t\t<div class=\"elementor-container elementor-column-gap-default\">\n\t\t\t\t\t<div class=\"elementor-column elementor-col-50 elementor-top-column elementor-element elementor-element-74db044\" data-id=\"74db044\" data-element_type=\"column\">\n\t\t\t<div class=\"elementor-widget-wrap elementor-element-populated\">\n\t\t\t\t\t\t\t\t<div class=\"elementor-element elementor-element-d4e0040 elementor-widget elementor-widget-image\" data-id=\"d4e0040\" data-element_type=\"widget\" data-widget_type=\"image.default\">\n\t\t\t\t<div class=\"elementor-widget-container\">\n\t\t\t<style>\/*! elementor - v3.16.0 - 12-09-2023 *\/\n.elementor-widget-image{text-align:center}.elementor-widget-image a{display:inline-block}.elementor-widget-image a img[src$=\".svg\"]{width:48px}.elementor-widget-image img{vertical-align:middle;display:inline-block}<\/style>\t\t\t\t\t\t\t\t\t\t\t\t<img decoding=\"async\" loading=\"lazy\" width=\"1080\" height=\"1080\" src=\"https:\/\/elena-ramirez.com\/wp-content\/uploads\/promo-Blessed-by-the-Light.jpg\" class=\"attachment-large size-large wp-image-9750\" alt=\"\" srcset=\"https:\/\/elena-ramirez.com\/wp-content\/uploads\/promo-Blessed-by-the-Light.jpg 1080w, https:\/\/elena-ramirez.com\/wp-content\/uploads\/promo-Blessed-by-the-Light-768x768.jpg 768w\" sizes=\"(max-width: 1080px) 100vw, 1080px\" \/>\t\t\t\t\t\t\t\t\t\t\t\t\t\t\t<\/div>\n\t\t\t\t<\/div>\n\t\t\t\t\t<\/div>\n\t\t<\/div>\n\t\t\t\t<div class=\"elementor-column elementor-col-50 elementor-top-column elementor-element elementor-element-ed6c680\" data-id=\"ed6c680\" data-element_type=\"column\">\n\t\t\t<div class=\"elementor-widget-wrap elementor-element-populated\">\n\t\t\t\t\t\t\t\t<div class=\"elementor-element elementor-element-190141a elementor-widget elementor-widget-text-editor\" data-id=\"190141a\" data-element_type=\"widget\" data-widget_type=\"text-editor.default\">\n\t\t\t\t<div class=\"elementor-widget-container\">\n\t\t\t<style>\/*! elementor - v3.16.0 - 12-09-2023 *\/\n.elementor-widget-text-editor.elementor-drop-cap-view-stacked .elementor-drop-cap{background-color:#69727d;color:#fff}.elementor-widget-text-editor.elementor-drop-cap-view-framed .elementor-drop-cap{color:#69727d;border:3px solid;background-color:transparent}.elementor-widget-text-editor:not(.elementor-drop-cap-view-default) .elementor-drop-cap{margin-top:8px}.elementor-widget-text-editor:not(.elementor-drop-cap-view-default) .elementor-drop-cap-letter{width:1em;height:1em}.elementor-widget-text-editor .elementor-drop-cap{float:left;text-align:center;line-height:1;font-size:50px}.elementor-widget-text-editor .elementor-drop-cap-letter{display:inline-block}<\/style>\t\t\t\t<p><b>\u201cBlessed by the Light\u201d <\/b>es una combinaci\u00f3n \u00fanica de <strong>fantas\u00eda y coaching<\/strong>: una historia que entretiene mientras gu\u00eda al lector hacia el crecimiento personal. A trav\u00e9s de <strong>reflexiones y preguntas de coaching<\/strong> que invitan a la introspecci\u00f3n, integradas en la narrativa, <strong>el lector es llevado a vivir revelaciones poderosas y momentos de claridad (\u201cAha\u201d)<\/strong>.<\/p><p class=\"\" data-start=\"408\" data-end=\"645\">Junto al contenido inspirador, se desarrolla una <strong>historia de fantas\u00eda envolvente<\/strong> \u2014con toques de humor, conciencia plena y profundidad filos\u00f3fica. Es un libro que despierta la curiosidad, eleva el esp\u00edritu y fomenta el <strong>autodescubrimiento<\/strong>.<\/p><p class=\"\" data-start=\"647\" data-end=\"760\"><strong>Inspirador, f\u00e1cil de leer y profundamente motivador<\/strong> \u2014es un viaje de transformaci\u00f3n envuelto en un relato m\u00e1gico.<\/p>\t\t\t\t\t\t<\/div>\n\t\t\t\t<\/div>\n\t\t\t\t\t<\/div>\n\t\t<\/div>\n\t\t\t\t\t\t\t<\/div>\n\t\t<\/section>\n\t\t\t\t<section class=\"elementor-section elementor-top-section elementor-element elementor-element-1e02c39 elementor-section-boxed elementor-section-height-default elementor-section-height-default\" data-id=\"1e02c39\" data-element_type=\"section\" data-settings=\"{&quot;_ha_eqh_enable&quot;:false}\">\n\t\t\t\t\t\t<div class=\"elementor-container elementor-column-gap-default\">\n\t\t\t\t\t<div class=\"elementor-column elementor-col-100 elementor-top-column elementor-element elementor-element-01b952a\" data-id=\"01b952a\" data-element_type=\"column\">\n\t\t\t<div class=\"elementor-widget-wrap elementor-element-populated\">\n\t\t\t\t\t\t\t\t<div class=\"elementor-element elementor-element-6110a92 elementor-widget elementor-widget-heading\" data-id=\"6110a92\" data-element_type=\"widget\" data-widget_type=\"heading.default\">\n\t\t\t\t<div class=\"elementor-widget-container\">\n\t\t\t<h2 class=\"elementor-heading-title elementor-size-default\">D\u00f3nde puedes encontrar mi libro<\/h2>\t\t<\/div>\n\t\t\t\t<\/div>\n\t\t\t\t\t<\/div>\n\t\t<\/div>\n\t\t\t\t\t\t\t<\/div>\n\t\t<\/section>\n\t\t\t\t<section class=\"elementor-section elementor-top-section elementor-element elementor-element-8ff6fde elementor-section-boxed elementor-section-height-default elementor-section-height-default\" data-id=\"8ff6fde\" data-element_type=\"section\" data-settings=\"{&quot;_ha_eqh_enable&quot;:false}\">\n\t\t\t\t\t\t<div class=\"elementor-container elementor-column-gap-default\">\n\t\t\t\t\t<div class=\"elementor-column elementor-col-100 elementor-top-column elementor-element elementor-element-68bdf8c\" data-id=\"68bdf8c\" data-element_type=\"column\">\n\t\t\t<div class=\"elementor-widget-wrap elementor-element-populated\">\n\t\t\t\t\t\t\t\t<div class=\"elementor-element elementor-element-3bb2ef4 elementor-widget elementor-widget-text-editor\" data-id=\"3bb2ef4\" data-element_type=\"widget\" data-widget_type=\"text-editor.default\">\n\t\t\t\t<div class=\"elementor-widget-container\">\n\t\t\t\t\t\t\t<p style=\"text-align: center;\">Puedes comprar este libro en Amazon en diferentes pa\u00edses.<\/p>\n\t\t\t\t\t\t<\/div>\n\t\t\t\t<\/div>\n\t\t\t\t\t<\/div>\n\t\t<\/div>\n\t\t\t\t\t\t\t<\/div>\n\t\t<\/section>\n\t\t\t\t\t\t\t<\/div>\n\t\t","protected":false},"excerpt":{"rendered":"<p>Mi libro &#8211; Blessed by the Light (Bendecidos por la Luz) \u201cBlessed by the Light\u201d es una combinaci\u00f3n \u00fanica de fantas\u00eda y coaching: una historia que entretiene mientras gu\u00eda al lector hacia el crecimiento personal. A trav\u00e9s de reflexiones y preguntas de coaching que invitan a la introspecci\u00f3n, integradas en la narrativa, el lector es &hellip;<\/p>\n<p class=\"read-more\"> <a class=\"\" href=\"https:\/\/elena-ramirez.com\/es\/blessed-by-the-light\/\"> <span class=\"screen-reader-text\">Blessed by the Light<\/span> Leer m\u00e1s \u00bb<\/a><\/p>\n","protected":false},"author":3,"featured_media":0,"parent":0,"menu_order":0,"comment_status":"closed","ping_status":"closed","template":"","meta":{"_seopress_robots_primary_cat":"","site-sidebar-layout":"no-sidebar","site-content-layout":"page-builder","ast-global-header-display":"","ast-main-header-display":"","ast-hfb-above-header-display":"","ast-hfb-below-header-display":"","ast-hfb-mobile-header-display":"","site-post-title":"disabled","ast-breadcrumbs-content":"","ast-featured-img":"disabled","footer-sml-layout":"","theme-transparent-header-meta":"","adv-header-id-meta":"","stick-header-meta":"","header-above-stick-meta":"","header-main-stick-meta":"","header-below-stick-meta":"","footnotes":""},"_links":{"self":[{"href":"https:\/\/elena-ramirez.com\/es\/wp-json\/wp\/v2\/pages\/9847"}],"collection":[{"href":"https:\/\/elena-ramirez.com\/es\/wp-json\/wp\/v2\/pages"}],"about":[{"href":"https:\/\/elena-ramirez.com\/es\/wp-json\/wp\/v2\/types\/page"}],"author":[{"embeddable":true,"href":"https:\/\/elena-ramirez.com\/es\/wp-json\/wp\/v2\/users\/3"}],"replies":[{"embeddable":true,"href":"https:\/\/elena-ramirez.com\/es\/wp-json\/wp\/v2\/comments?post=9847"}],"version-history":[{"count":4,"href":"https:\/\/elena-ramirez.com\/es\/wp-json\/wp\/v2\/pages\/9847\/revisions"}],"predecessor-version":[{"id":9851,"href":"https:\/\/elena-ramirez.com\/es\/wp-json\/wp\/v2\/pages\/9847\/revisions\/9851"}],"wp:attachment":[{"href":"https:\/\/elena-ramirez.com\/es\/wp-json\/wp\/v2\/media?parent=9847"}],"curies":[{"name":"wp","href":"https:\/\/api.w.org\/{rel}","templated":true}]}}